{"id":1604,"date":"2021-11-09T16:01:59","date_gmt":"2021-11-09T16:01:59","guid":{"rendered":"https:\/\/chromagar.agencestudionet.com\/product\/chromagar-cronobacter\/"},"modified":"2026-03-16T16:03:19","modified_gmt":"2026-03-16T16:03:19","slug":"chromagar-cronobacter","status":"publish","type":"product","link":"https:\/\/www.chromagar.com\/es\/product\/chromagar-cronobacter\/","title":{"rendered":"CHROMagar\u2122 Cronobacter"},"content":{"rendered":"<div class=\"vce-row-container\" data-vce-boxed-width=\"true\"><div class=\"vce-row vce-row--col-gap-30 tab-section vce-row-equal-height vce-row-content--top\" data-vce-sticky-element=\"true\" data-margin-top=\"15\" data-vce-sticky-z-index=\"222222\" data-vce-sticky-container=\"[data-vce-element-content]\" id=\"el-ed4a4ee4\" data-vce-do-apply=\"all el-ed4a4ee4\"><div class=\"vce-content-background-container\"><\/div><div class=\"vce-row-content\" data-vce-element-content=\"true\"><div class=\"vce-col vce-col--xs-hide vce-col--xs-first vce-col--sm-hide vce-col--sm-first vce-col--md-hide vce-col--md-first vce-col--lg-hide vce-col--lg-first vce-col--xl-100p vce-col--xl-visible vce-col--xl-last vce-col--xl-first tab-block\" id=\"el-f8b024a9\"><div class=\"vce-col-inner\" data-vce-do-apply=\"border margin background  el-f8b024a9\"><div class=\"vce-content-background-container\"><\/div><div class=\"vce-col-content\" data-vce-element-content=\"true\" data-vce-do-apply=\"padding el-f8b024a9\"><div class=\"vce-text-block tab-wrap\" id=\"sticky-header-tabs\"><div class=\"vce-text-block-wrapper vce\" id=\"el-284b5972\" data-vce-do-apply=\"all el-284b5972\"><\/div><\/div><div class=\"vce-text-block tab-wrap\" id=\"sticky-header-tabs\"><div class=\"vce-text-block-wrapper vce\" id=\"el-89136b49\" data-vce-do-apply=\"all el-89136b49\"><ul><li style=\"text-align: left;\"><span style=\"color: #ffffff; font-family: Poppins; font-weight: bold; font-style: normal; font-size: 10pt;\"><a style=\"color: #ffffff;\" href=\"#apprence\">Aspecto de las colonias<\/a><\/span><\/li><li style=\"text-align: left;\"><span style=\"color: #ffffff; font-family: Poppins; font-weight: bold; font-style: normal; font-size: 10pt;\"><a style=\"color: #ffffff;\" href=\"#performances\">Rendimiento<\/a><\/span><\/li><li style=\"text-align: left;\"><span style=\"color: #ffffff; font-family: Poppins; font-weight: bold; font-style: normal; font-size: 10pt;\"><a style=\"color: #ffffff;\" href=\"#composition\">Composici\u00f3n<\/a><\/span><\/li><li style=\"text-align: left;\"><span style=\"color: #ffffff; font-family: Poppins; font-weight: bold; font-style: normal; font-size: 10pt;\"><a style=\"color: #ffffff;\" href=\"#documents-techniques\">Documentos t\u00e9cnicos<\/a><\/span><\/li><li style=\"text-align: left;\"><span style=\"color: #ffffff; font-family: Poppins; font-weight: bold; font-style: normal; font-size: 10pt;\"><a style=\"color: #ffffff;\" href=\"#pulications-scientifiques\">Publicaciones cientificas<\/a><\/span><\/li><\/ul><\/div><\/div><\/div><\/div><\/div><\/div><\/div><\/div><div class=\"vce-row-container\" data-vce-boxed-width=\"true\"><div class=\"vce-row vce-row--col-gap-30 appearance-section vce-row-equal-height vce-row-content--top\" id=\"el-222ac00b\" data-vce-do-apply=\"all el-222ac00b\"><div class=\"vce-content-background-container\"><\/div><div class=\"vce-row-content\" data-vce-element-content=\"true\"><div class=\"vce-col vce-col--xs-100p vce-col--xs-visible vce-col--xs-last vce-col--xs-first vce-col--sm-100p vce-col--sm-visible vce-col--sm-last vce-col--sm-first vce-col--md-100p vce-col--md-visible vce-col--md-last vce-col--md-first vce-col--lg-100p vce-col--lg-visible vce-col--lg-last vce-col--lg-first vce-col--xl-100p vce-col--xl-visible vce-col--xl-last vce-col--xl-first\" id=\"el-3acdfb88\"><div class=\"vce-col-inner\" data-vce-do-apply=\"border margin background  el-3acdfb88\"><div class=\"vce-content-background-container\"><\/div><div class=\"vce-col-content\" data-vce-element-content=\"true\" data-vce-do-apply=\"padding el-3acdfb88\"><div class=\"vce-text-block appearance-heading\" id=\"apprence\"><div class=\"vce-text-block-wrapper vce\" id=\"el-cc063ca0\" data-vce-do-apply=\"all el-cc063ca0\"><h3><span style=\"font-family: Poppins; font-weight: 500; font-style: normal; font-size: 16pt;\">Aspecto de las colonias<\/span><\/h3><\/div><\/div><\/div><\/div><\/div><div class=\"vce-col vce-col--xs-100p vce-col--xs-visible vce-col--xs-last vce-col--xs-first vce-col--sm-100p vce-col--sm-visible vce-col--sm-last vce-col--sm-first vce-col--md-50p vce-col--md-visible vce-col--md-first vce-col--lg-50p vce-col--lg-visible vce-col--lg-first vce-col--xl-25p vce-col--xl-visible vce-col--xl-first appearance-block\" id=\"el-e4bc6aa1\"><div class=\"vce-col-inner\" data-vce-do-apply=\"border margin background  el-e4bc6aa1\"><div class=\"vce-col-content\" data-vce-element-content=\"true\" data-vce-do-apply=\"padding el-e4bc6aa1\"><\/div><\/div><\/div><div class=\"vce-col vce-col--xs-100p vce-col--xs-visible vce-col--xs-last vce-col--xs-first vce-col--sm-100p vce-col--sm-visible vce-col--sm-last vce-col--sm-first vce-col--md-50p vce-col--md-visible vce-col--md-last vce-col--lg-50p vce-col--lg-visible vce-col--lg-last vce-col--xl-25p vce-col--xl-visible appearance-block\" id=\"el-0359159d\"><div class=\"vce-col-inner\" data-vce-do-apply=\"border margin background  el-0359159d\"><div class=\"vce-col-content\" data-vce-element-content=\"true\" data-vce-do-apply=\"padding el-0359159d\"><div class=\"vce-single-image-container vce-single-image--align-center\"><div class=\"vce vce-single-image-wrapper\" id=\"el-b8d0257c\" data-vce-do-apply=\"all el-b8d0257c\"><figure><div class=\"vce-single-image-inner vce-single-image--absolute\" style=\"padding-bottom: 100%; width: 300px;\"><img decoding=\"async\" loading=\"lazy\" class=\"vce-single-image vcv-lozad\" data-src=\"https:\/\/www.chromagar.com\/wp-content\/uploads\/2021\/11\/cronobacter-1.png\" width=\"300\" height=\"300\" src=\"\" data-img-src=\"https:\/\/www.chromagar.com\/wp-content\/uploads\/2021\/11\/cronobacter-1.png\" alt=\"\" title=\"cronobacter\" \/><noscript>\r\n        &lt;img class=\"vce-single-image\" src=\"https:\/\/www.chromagar.com\/wp-content\/uploads\/2021\/11\/cronobacter-1.png\" width=\"300\" height=\"300\" alt=\"\" title=\"cronobacter\" \/&gt;\r\n      <\/noscript><\/div><figcaption hidden=\"\"><\/figcaption><\/figure><\/div><\/div><div class=\"vce-text-block appearance-detail\"><div class=\"vce-text-block-wrapper vce\" id=\"el-44ef1d73\" data-vce-do-apply=\"all el-44ef1d73\"><p><i>Cronobacter spp.&nbsp;<\/i><\/p><p>Verde a azul<\/p><\/div><\/div><\/div><\/div><\/div><div class=\"vce-col vce-col--xs-100p vce-col--xs-visible vce-col--xs-last vce-col--xs-first vce-col--sm-100p vce-col--sm-visible vce-col--sm-last vce-col--sm-first vce-col--md-50p vce-col--md-visible vce-col--md-first vce-col--lg-50p vce-col--lg-visible vce-col--lg-first vce-col--xl-25p vce-col--xl-visible appearance-block\" id=\"el-ee227082\"><div class=\"vce-col-inner\" data-vce-do-apply=\"border margin background  el-ee227082\"><div class=\"vce-col-content\" data-vce-element-content=\"true\" data-vce-do-apply=\"padding el-ee227082\"><div class=\"vce-single-image-container vce-single-image--align-center\"><div class=\"vce vce-single-image-wrapper\" id=\"el-407a646a\" data-vce-do-apply=\"all el-407a646a\"><figure><div class=\"vce-single-image-inner vce-single-image--absolute\" style=\"padding-bottom: 100%; width: 300px;\"><img decoding=\"async\" loading=\"lazy\" class=\"vce-single-image vcv-lozad\" data-src=\"https:\/\/www.chromagar.com\/wp-content\/uploads\/2021\/11\/gram-neg.png\" width=\"300\" height=\"300\" src=\"\" data-img-src=\"https:\/\/www.chromagar.com\/wp-content\/uploads\/2021\/11\/gram-neg.png\" alt=\"\" title=\"gram neg\" \/><noscript>\r\n        &lt;img class=\"vce-single-image\" src=\"https:\/\/www.chromagar.com\/wp-content\/uploads\/2021\/11\/gram-neg.png\" width=\"300\" height=\"300\" alt=\"\" title=\"gram neg\" \/&gt;\r\n      <\/noscript><\/div><figcaption hidden=\"\"><\/figcaption><\/figure><\/div><\/div><div class=\"vce-text-block appearance-detail\"><div class=\"vce-text-block-wrapper vce\" id=\"el-e3be5f6b\" data-vce-do-apply=\"all el-e3be5f6b\"><p>Otras Gram (-)<\/p><p>incoloras, verde claro, negro, amarillas<\/p><\/div><\/div><\/div><\/div><\/div><div class=\"vce-col vce-col--xs-100p vce-col--xs-visible vce-col--xs-last vce-col--xs-first vce-col--sm-100p vce-col--sm-visible vce-col--sm-last vce-col--sm-first vce-col--md-50p vce-col--md-visible vce-col--md-last vce-col--lg-50p vce-col--lg-visible vce-col--lg-last vce-col--xl-25p vce-col--xl-visible vce-col--xl-last appearance-block\" id=\"el-16f62a26\"><div class=\"vce-col-inner\" data-vce-do-apply=\"border margin background  el-16f62a26\"><div class=\"vce-col-content\" data-vce-element-content=\"true\" data-vce-do-apply=\"padding el-16f62a26\"><\/div><\/div><\/div><\/div><\/div><\/div><div class=\"vce-row-container\" data-vce-boxed-width=\"true\"><div class=\"vce-row vce-row--col-gap-30 performance-section vce-row-equal-height vce-row-content--top\" id=\"el-d13fb08d\" data-vce-do-apply=\"all el-d13fb08d\"><div class=\"vce-content-background-container\"><\/div><div class=\"vce-row-content\" data-vce-element-content=\"true\"><div class=\"vce-col vce-col--xs-100p vce-col--xs-visible vce-col--xs-last vce-col--xs-first vce-col--sm-100p vce-col--sm-visible vce-col--sm-last vce-col--sm-first vce-col--md-100p vce-col--md-visible vce-col--md-last vce-col--md-first vce-col--lg-100p vce-col--lg-visible vce-col--lg-last vce-col--lg-first vce-col--xl-100p vce-col--xl-visible vce-col--xl-last vce-col--xl-first\" id=\"el-099fb5f5\"><div class=\"vce-col-inner\" data-vce-do-apply=\"border margin background  el-099fb5f5\"><div class=\"vce-col-content\" data-vce-element-content=\"true\" data-vce-do-apply=\"padding el-099fb5f5\"><div class=\"vce-text-block performance-heading\" id=\"performances\"><div class=\"vce-text-block-wrapper vce\" id=\"el-8d4f7fae\" data-vce-do-apply=\"all el-8d4f7fae\"><h3><span style=\"font-family: Poppins; font-weight: 500; font-style: normal; font-size: 16pt;\">Rendimiento<\/span><\/h3><\/div><\/div><div class=\"vce-text-block performance-heading\"><div class=\"vce-text-block-wrapper vce\" id=\"el-113acbd8\" data-vce-do-apply=\"all el-113acbd8\"><p style=\"text-align: justify;\">\u00ab<i>Cronobacter<\/i> es un microorganismo tel\u00farico ubicuo que se encuentra en el agua, el suelo, las plantas, el polvo y muchos otros seres vivos. <i>Cronobacter <\/i>ha sido aislado de muchos alimentos de origen vegetal o animal, tanto deshidratados, ahumados, congelados, fermentados, crudos y cocidos. \u00bb<\/p><br><p style=\"text-align: justify;\">Extracto de ANSES, April 2017<\/p><br><p style=\"text-align: justify;\">CHROMagar\u2122 Cronobacter es el agar cromog\u00e9nico para aislamiento de <i>Cronobacter<\/i> (CCI), fabricado de acuerdo con la norma ISO 22964.<\/p><\/div><\/div><\/div><\/div><\/div><div class=\"vce-col vce-col--xs-100p vce-col--xs-visible vce-col--xs-last vce-col--xs-first vce-col--sm-100p vce-col--sm-visible vce-col--sm-last vce-col--sm-first vce-col--md-100p vce-col--md-visible vce-col--md-last vce-col--md-first vce-col--lg-100p vce-col--lg-visible vce-col--lg-last vce-col--lg-first vce-col--xl-100p vce-col--xl-visible vce-col--xl-last vce-col--xl-first performance-indicator\" id=\"el-a8d54278\"><div class=\"vce-col-inner\" data-vce-do-apply=\"border margin background  el-a8d54278\"><div class=\"vce-col-content\" data-vce-element-content=\"true\" data-vce-do-apply=\"padding el-a8d54278\"><div class=\"vce-text-block performance-level\"><div class=\"vce-text-block-wrapper vce\" id=\"el-3e53a78f\" data-vce-do-apply=\"all el-3e53a78f\"><\/div><\/div><\/div><\/div><\/div><div class=\"vce-col vce-col--xs-100p vce-col--xs-visible vce-col--xs-last vce-col--xs-first vce-col--sm-100p vce-col--sm-visible vce-col--sm-last vce-col--sm-first vce-col--md-100p vce-col--md-visible vce-col--md-last vce-col--md-first vce-col--lg-33-33p vce-col--lg-visible vce-col--lg-first vce-col--xl-33-33p vce-col--xl-visible vce-col--xl-first performance-wrap\" id=\"el-673b7f6f\"><div class=\"vce-col-inner\" data-vce-do-apply=\"border margin background  el-673b7f6f\"><div class=\"vce-content-background-container\"><\/div><div class=\"vce-col-content\" data-vce-element-content=\"true\" data-vce-do-apply=\"padding el-673b7f6f\"><div class=\"vce-text-block performance-detail\"><div class=\"vce-text-block-wrapper vce\" id=\"el-5ae11f59\" data-vce-do-apply=\"all el-5ae11f59\"><p style=\"line-height: 1.25; text-align: justify;\"><span style=\"font-family: Poppins; font-weight: 400; font-style: normal; font-size: 10pt;\"><span style=\"color: #009fe3;\"><a style=\"color: #009fe3;\" href=\"#\">1. Norma ISO 22964 :<\/a><\/span> <\/span><span style=\"font-family: Poppins; font-weight: 400; font-style: normal; font-size: 10pt;\">CHROMagar\u2122 Cronobacter es un medio cromog\u00e9nico para la detecci\u00f3n de <i>Cronobacter<\/i> spp. en alimentos, piensos y muestras ambientales seg\u00fan la norma ISO 22964.<\/span><\/p><br><p style=\"line-height: 1.25; text-align: justify;\"><\/p><\/div><\/div><\/div><\/div><\/div><div class=\"vce-col vce-col--xs-100p vce-col--xs-visible vce-col--xs-last vce-col--xs-first vce-col--sm-100p vce-col--sm-visible vce-col--sm-last vce-col--sm-first vce-col--md-100p vce-col--md-visible vce-col--md-last vce-col--md-first vce-col--lg-33-33p vce-col--lg-visible vce-col--xl-33-33p vce-col--xl-visible performance-wrap\" id=\"el-d8364c40\"><div class=\"vce-col-inner\" data-vce-do-apply=\"border margin background  el-d8364c40\"><div class=\"vce-content-background-container\"><\/div><div class=\"vce-col-content\" data-vce-element-content=\"true\" data-vce-do-apply=\"padding el-d8364c40\"><div class=\"vce-text-block performance-detail\"><div class=\"vce-text-block-wrapper vce\" id=\"el-bf6e3aa8\" data-vce-do-apply=\"all el-bf6e3aa8\"><p style=\"line-height: 1.25; text-align: justify;\"><span style=\"font-family: Poppins; font-size: 10pt;\"><span style=\"color: #009fe3;\"><a style=\"color: #009fe3;\" href=\"#\">2. Colonias intensas Verdes-azuladas :<i><\/i><\/a><\/span>&nbsp;<\/span><span style=\"font-size: 10pt;\"><i>Cronobacter spp.<\/i> crece en colonias de verde a azul mientras que la mayor\u00eda de las otras bacterias se inhiben o crecen en colonias incoloras, despu\u00e9s de la incubaci\u00f3n a 41,5 \u00b0C durante 24 h.<\/span><\/p><\/div><\/div><\/div><\/div><\/div><div class=\"vce-col vce-col--xs-100p vce-col--xs-visible vce-col--xs-last vce-col--xs-first vce-col--sm-100p vce-col--sm-visible vce-col--sm-last vce-col--sm-first vce-col--md-100p vce-col--md-visible vce-col--md-last vce-col--md-first vce-col--lg-33-33p vce-col--lg-visible vce-col--lg-last vce-col--xl-33-33p vce-col--xl-visible vce-col--xl-last performance-wrap\" id=\"el-1053a209\"><div class=\"vce-col-inner\" data-vce-do-apply=\"border margin background  el-1053a209\"><div class=\"vce-content-background-container\"><\/div><div class=\"vce-col-content\" data-vce-element-content=\"true\" data-vce-do-apply=\"padding el-1053a209\"><\/div><\/div><\/div><\/div><\/div><\/div><div class=\"vce-row-container\" data-vce-boxed-width=\"true\"><div class=\"vce-row vce-row--col-gap-30 composition-section vce-row-equal-height vce-row-content--top\" id=\"el-e01ee610\" data-vce-do-apply=\"all el-e01ee610\"><div class=\"vce-content-background-container\"><\/div><div class=\"vce-row-content\" data-vce-element-content=\"true\"><div class=\"vce-col vce-col--xs-100p vce-col--xs-visible vce-col--xs-last vce-col--xs-first vce-col--sm-100p vce-col--sm-visible vce-col--sm-last vce-col--sm-first vce-col--md-100p vce-col--md-visible vce-col--md-last vce-col--md-first vce-col--lg-100p vce-col--lg-visible vce-col--lg-last vce-col--lg-first vce-col--xl-100p vce-col--xl-visible vce-col--xl-last vce-col--xl-first\" id=\"el-b0ed76ea\"><div class=\"vce-col-inner\" data-vce-do-apply=\"border margin background  el-b0ed76ea\"><div class=\"vce-content-background-container\"><\/div><div class=\"vce-col-content\" data-vce-element-content=\"true\" data-vce-do-apply=\"padding el-b0ed76ea\"><div class=\"vce-text-block composition-heading\" id=\"composition\"><div class=\"vce-text-block-wrapper vce\" id=\"el-eba59b07\" data-vce-do-apply=\"all el-eba59b07\"><h3><span style=\"font-family: Poppins; font-size: 16pt; font-weight: 500; font-style: normal;\">Composici\u00f3n<\/span><\/h3><\/div><\/div><\/div><\/div><\/div><div class=\"vce-col vce-col--xs-100p vce-col--xs-visible vce-col--xs-last vce-col--xs-first vce-col--sm-100p vce-col--sm-visible vce-col--sm-last vce-col--sm-first vce-col--md-100p vce-col--md-visible vce-col--md-last vce-col--md-first vce-col--lg-100p vce-col--lg-visible vce-col--lg-last vce-col--lg-first vce-col--xl-100p vce-col--xl-visible vce-col--xl-last vce-col--xl-first\" id=\"el-db35e455\"><div class=\"vce-col-inner\" data-vce-do-apply=\"border margin background  el-db35e455\"><div class=\"vce-content-background-container\"><\/div><div class=\"vce-col-content\" data-vce-element-content=\"true\" data-vce-do-apply=\"padding el-db35e455\"><div class=\"vce-single-image-container vce-single-image--align-center\"><div class=\"vce vce-single-image-wrapper\" id=\"el-dcf6894a\" data-vce-do-apply=\"all el-dcf6894a\"><figure><div class=\"vce-single-image-inner vce-single-image--absolute\" style=\"padding-bottom: 63.95348837209303%; width: 860px;\"><img decoding=\"async\" loading=\"lazy\" class=\"vce-single-image vcv-lozad\" data-src=\"https:\/\/www.chromagar.com\/wp-content\/uploads\/2021\/11\/Composition-ES-11.png\" width=\"860\" height=\"550\" src=\"\" data-img-src=\"https:\/\/www.chromagar.com\/wp-content\/uploads\/2021\/11\/Composition-ES-11.png\" alt=\"\" title=\"Composition ES\" \/><noscript>\r\n        &lt;img class=\"vce-single-image\" src=\"https:\/\/www.chromagar.com\/wp-content\/uploads\/2021\/11\/Composition-ES-11.png\" width=\"860\" height=\"550\" alt=\"\" title=\"Composition ES\" \/&gt;\r\n      <\/noscript><\/div><figcaption hidden=\"\"><\/figcaption><\/figure><\/div><\/div><\/div><\/div><\/div><\/div><\/div><\/div><div class=\"vce-row-container\" data-vce-boxed-width=\"true\"><div class=\"vce-row vce-row--col-gap-30 document-tech-section vce-row-equal-height vce-row-content--top vcv-state--show-resizer\" id=\"el-a89e474d\" data-vce-do-apply=\"all el-a89e474d\"><div class=\"vce-content-background-container\"><\/div><div class=\"vce-row-content\" data-vce-element-content=\"true\"><div class=\"vce-col vce-col--xs-100p vce-col--xs-visible vce-col--xs-last vce-col--xs-first vce-col--sm-100p vce-col--sm-visible vce-col--sm-last vce-col--sm-first vce-col--md-100p vce-col--md-visible vce-col--md-last vce-col--md-first vce-col--lg-100p vce-col--lg-visible vce-col--lg-last vce-col--lg-first vce-col--xl-100p vce-col--xl-visible vce-col--xl-last vce-col--xl-first\" id=\"el-b4e03176\"><div class=\"vce-col-inner\" data-vce-do-apply=\"border margin background  el-b4e03176\"><div class=\"vce-col-content\" data-vce-element-content=\"true\" data-vce-do-apply=\"padding el-b4e03176\"><div class=\"vce-text-block doc-tech-heading\" id=\"documents-techniques\"><div class=\"vce-text-block-wrapper vce\" id=\"el-d65747c7\" data-vce-do-apply=\"all el-d65747c7\"><h3><span style=\"font-family: Poppins; font-weight: 500; font-style: normal; font-size: 16pt;\">Documentos t\u00e9cnicos<\/span><\/h3><\/div><\/div><div class=\"vce-row-container\" data-vce-boxed-width=\"true\"><div class=\"vce-row vce-row--col-gap-30 vce-row-equal-height vce-row-content--top\" id=\"el-aa144300\" data-vce-do-apply=\"all el-aa144300\"><div class=\"vce-content-background-container\"><\/div><div class=\"vce-row-content\" data-vce-element-content=\"true\"><div class=\"vce-col vce-col--md-auto vce-col--xs-1 vce-col--xs-last vce-col--xs-first vce-col--sm-last vce-col--sm-first vce-col--md-last vce-col--lg-last vce-col--xl-last vce-col--md-first vce-col--lg-first vce-col--xl-first\" id=\"el-d6efae65\"><div class=\"vce-col-inner\" data-vce-do-apply=\"border margin background  el-d6efae65\"><div class=\"vce-col-content\" data-vce-element-content=\"true\" data-vce-do-apply=\"padding el-d6efae65\"><div class=\"vce-shortcode\"><div class=\"vce-shortcode-wrapper vce\" id=\"el-762b7dc0\" data-vce-do-apply=\"all el-762b7dc0\">\t<div class=\"related-doc-sec\">\n\t\t\t<div class=\"related-doc-wrap\">\n\t\t\t<div class=\"related-doc-img\">\n\t\t\t\t<a href=\"https:\/\/www.chromagar.com\/wp-content\/uploads\/2021\/11\/AD-ASQ-300-v1.4.pdf\" target=\"_blank\"><img src=\"\/wp-content\/uploads\/2021\/09\/Group-2537.png\"><\/a>\n\t\t\t<\/div>\n\t\t\t<div class=\"related-doc-title\">\n\t\t\t\t<a href=\"https:\/\/www.chromagar.com\/wp-content\/uploads\/2021\/11\/AD-ASQ-300-v1.4.pdf\" class=\"black\" target=\"_blank\">CHROMagar\u2122 Cronobacter MSDS<\/a>\n\t\t\t<\/div>\n\t\t<\/div>\n\t\t\n\t\t\t<div class=\"related-doc-wrap\">\n\t\t\t<div class=\"related-doc-img\">\n\t\t\t\t<a href=\"https:\/\/www.chromagar.com\/wp-content\/uploads\/2021\/11\/LF-EXT-065-MC-V4.0.pdf\" target=\"_blank\"><img src=\"\/wp-content\/uploads\/2021\/09\/Group-2537.png\"><\/a>\n\t\t\t<\/div>\n\t\t\t<div class=\"related-doc-title\">\n\t\t\t\t<a href=\"https:\/\/www.chromagar.com\/wp-content\/uploads\/2021\/11\/LF-EXT-065-MC-V4.0.pdf\" class=\"black\" target=\"_blank\">Leaflet<\/a>\n\t\t\t<\/div>\n\t\t<\/div>\n\t\t\t<div class=\"related-doc-wrap\">\n\t\t\t<div class=\"related-doc-img\">\n\t\t\t\t<a href=\"https:\/\/www.chromagar.com\/wp-content\/uploads\/2021\/11\/NT-EXT-098-NOTICE-MC-V2.1.pdf\" target=\"_blank\"><img src=\"\/wp-content\/uploads\/2021\/09\/Group-2537.png\"><\/a>\n\t\t\t<\/div>\n\t\t\t<div class=\"related-doc-title\">\n\t\t\t\t<a href=\"https:\/\/www.chromagar.com\/wp-content\/uploads\/2021\/11\/NT-EXT-098-NOTICE-MC-V2.1.pdf\" class=\"black\" target=\"_blank\">Instructions for Use (5L)<\/a>\n\t\t\t<\/div>\n\t\t<\/div>\n\t\t\t<div class=\"related-doc-wrap\">\n\t\t\t<div class=\"related-doc-img\">\n\t\t\t\t<a href=\"https:\/\/www.chromagar.com\/wp-content\/uploads\/2021\/11\/NT-EXT-129-V1.1.pdf\" target=\"_blank\"><img src=\"\/wp-content\/uploads\/2021\/09\/Group-2537.png\"><\/a>\n\t\t\t<\/div>\n\t\t\t<div class=\"related-doc-title\">\n\t\t\t\t<a href=\"https:\/\/www.chromagar.com\/wp-content\/uploads\/2021\/11\/NT-EXT-129-V1.1.pdf\" class=\"black\" target=\"_blank\">Instructions for Use (500G)<\/a>\n\t\t\t<\/div>\n\t\t<\/div>\n\t\t<\/div>\n\t<\/div><\/div><\/div><\/div><\/div><\/div><\/div><\/div><div class=\"vce-text-block\"><div class=\"vce-text-block-wrapper vce\" id=\"el-6e1df0c8\" data-vce-do-apply=\"all el-6e1df0c8\">Para descargar el certificado de an\u00e1lisis, indique su n\u00famero de lote a continuaci\u00f3n :<br><div class=\"searching_bar\"><form action=\"\/es\/certificado-analisis\/\" autocomplete=\"off\" method=\"get\"><br><div class=\"search-form\"><input id=\"cer\" class=\"input_search\" name=\"cer\" type=\"text\" placeholder=\"Trouver le num\u00e9ro de lot (ex : P001563)\"><\/div><br><\/form><\/div><\/div><\/div><\/div><\/div><\/div><\/div><\/div><\/div><div class=\"vce-row-container\" data-vce-boxed-width=\"true\"><div class=\"vce-row vce-element--xl--has-background vce-element--lg--has-background vce-element--md--has-background vce-element--sm--has-background vce-element--xs--has-background vce-row--col-gap-30 vce-row-equal-height vce-row-content--top\" id=\"el-a3a62b98\" data-vce-do-apply=\"all el-a3a62b98\"><div class=\"vce-content-background-container\"><\/div><div class=\"vce-row-content\" data-vce-element-content=\"true\"><div class=\"vce-col vce-col--xs-100p vce-col--xs-visible vce-col--xs-last vce-col--xs-first vce-col--sm-100p vce-col--sm-visible vce-col--sm-last vce-col--sm-first vce-col--md-100p vce-col--md-visible vce-col--md-last vce-col--md-first vce-col--lg-100p vce-col--lg-visible vce-col--lg-last vce-col--lg-first vce-col--xl-100p vce-col--xl-visible vce-col--xl-last vce-col--xl-first\" id=\"el-267d9a67\"><div class=\"vce-col-inner\" data-vce-do-apply=\"border margin background  el-267d9a67\"><div class=\"vce-content-background-container\"><\/div><div class=\"vce-col-content\" data-vce-element-content=\"true\" data-vce-do-apply=\"padding el-267d9a67\"><div class=\"vce-text-block publication-heading\" id=\"pulications-scientifiques\"><div class=\"vce-text-block-wrapper vce\" id=\"el-f622e8a0\" data-vce-do-apply=\"all el-f622e8a0\"><h3 style=\"line-height: 1.25;\"><span style=\"font-family: Poppins; font-weight: 500; font-style: normal; font-size: 16pt;\">Publicaciones cientificas<\/span><\/h3><\/div><\/div><div class=\"vce-text-block publication-heading\"><div class=\"vce-text-block-wrapper vce\" id=\"el-ef4d8459\" data-vce-do-apply=\"all el-ef4d8459\"><h3>No hay publicaciones para este producto.<\/h3><\/div><\/div><\/div><\/div><\/div><div class=\"vce-col vce-col--xs-100p vce-col--xs-visible vce-col--xs-last vce-col--xs-first vce-col--sm-100p vce-col--sm-visible vce-col--sm-last vce-col--sm-first vce-col--md-100p vce-col--md-visible vce-col--md-last vce-col--md-first vce-col--lg-100p vce-col--lg-visible vce-col--lg-last vce-col--lg-first vce-col--xl-100p vce-col--xl-visible vce-col--xl-last vce-col--xl-first\" id=\"el-69bdccd1\"><div class=\"vce-col-inner\" data-vce-do-apply=\"border margin background  el-69bdccd1\"><div class=\"vce-col-content\" data-vce-element-content=\"true\" data-vce-do-apply=\"padding el-69bdccd1\"><div class=\"vce-shortcode\"><div class=\"vce-shortcode-wrapper vce\" id=\"el-d638e0fa\" data-vce-do-apply=\"all el-d638e0fa\"><\/div><\/div><\/div><\/div><\/div><div class=\"vce-col vce-col--xs-100p vce-col--xs-visible vce-col--xs-last vce-col--xs-first vce-col--sm-100p vce-col--sm-visible vce-col--sm-last vce-col--sm-first vce-col--md-100p vce-col--md-visible vce-col--md-last vce-col--md-first vce-col--lg-100p vce-col--lg-visible vce-col--lg-last vce-col--lg-first vce-col--xl-100p vce-col--xl-visible vce-col--xl-last vce-col--xl-first\" id=\"el-19463472\"><div class=\"vce-col-inner\" data-vce-do-apply=\"border margin background  el-19463472\"><div class=\"vce-content-background-container\"><\/div><div class=\"vce-col-content\" data-vce-element-content=\"true\" data-vce-do-apply=\"padding el-19463472\"><\/div><\/div><\/div><\/div><\/div><\/div>\n","protected":false},"excerpt":{"rendered":"<p>Agar CCI para la detecci\u00f3n de <i>Cronobacter<\/i> spp.\u00a0en conformidad con la norma ISO 22964<\/p>\n","protected":false},"featured_media":10984,"template":"","meta":[],"product_cat":[27],"product_tag":[],"_links":{"self":[{"href":"https:\/\/www.chromagar.com\/es\/wp-json\/wp\/v2\/product\/1604"}],"collection":[{"href":"https:\/\/www.chromagar.com\/es\/wp-json\/wp\/v2\/product"}],"about":[{"href":"https:\/\/www.chromagar.com\/es\/wp-json\/wp\/v2\/types\/product"}],"wp:featuredmedia":[{"embeddable":true,"href":"https:\/\/www.chromagar.com\/es\/wp-json\/wp\/v2\/media\/10984"}],"wp:attachment":[{"href":"https:\/\/www.chromagar.com\/es\/wp-json\/wp\/v2\/media?parent=1604"}],"wp:term":[{"taxonomy":"product_cat","embeddable":true,"href":"https:\/\/www.chromagar.com\/es\/wp-json\/wp\/v2\/product_cat?post=1604"},{"taxonomy":"product_tag","embeddable":true,"href":"https:\/\/www.chromagar.com\/es\/wp-json\/wp\/v2\/product_tag?post=1604"}],"curies":[{"name":"wp","href":"https:\/\/api.w.org\/{rel}","templated":true}]}}