{"id":12122,"date":"2024-06-14T08:15:35","date_gmt":"2024-06-14T08:15:35","guid":{"rendered":"https:\/\/www.chromagar.com\/?post_type=product&#038;p=12122"},"modified":"2026-03-25T08:29:37","modified_gmt":"2026-03-25T08:29:37","slug":"chromagar-tbx","status":"publish","type":"product","link":"https:\/\/www.chromagar.com\/es\/product\/chromagar-tbx\/","title":{"rendered":"CHROMagar\u2122 TBX"},"content":{"rendered":"<div class=\"vce-row-container\" data-vce-boxed-width=\"true\"><div class=\"vce-row vce-row--col-gap-30 tab-section vce-row-equal-height vce-row-content--top\" data-vce-sticky-element=\"true\" data-margin-top=\"15\" data-vce-sticky-z-index=\"222222\" data-vce-sticky-container=\"[data-vce-element-content]\" id=\"el-ed4a4ee4\" data-vce-do-apply=\"all el-ed4a4ee4\"><div class=\"vce-content-background-container\"><\/div><div class=\"vce-row-content\" data-vce-element-content=\"true\"><div class=\"vce-col vce-col--xs-hide vce-col--xs-first vce-col--sm-hide vce-col--sm-first vce-col--md-hide vce-col--md-first vce-col--lg-hide vce-col--lg-first vce-col--xl-100p vce-col--xl-visible vce-col--xl-last vce-col--xl-first tab-block\" id=\"el-f8b024a9\"><div class=\"vce-col-inner\" data-vce-do-apply=\"border margin background  el-f8b024a9\"><div class=\"vce-content-background-container\"><\/div><div class=\"vce-col-content\" data-vce-element-content=\"true\" data-vce-do-apply=\"padding el-f8b024a9\"><div class=\"vce-text-block tab-wrap\" id=\"sticky-header-tabs\"><div class=\"vce-text-block-wrapper vce\" id=\"el-284b5972\" data-vce-do-apply=\"all el-284b5972\"><\/div><\/div><div class=\"vce-text-block tab-wrap\" id=\"sticky-header-tabs\"><div class=\"vce-text-block-wrapper vce\" id=\"el-89136b49\" data-vce-do-apply=\"all el-89136b49\"><ul><li style=\"text-align: left;\"><span style=\"color: #ffffff; font-family: Poppins; font-weight: bold; font-style: normal; font-size: 10pt;\"><a style=\"color: #ffffff;\" href=\"#apprence\">Colonies Appearance<\/a><\/span><\/li><li style=\"text-align: left;\"><span style=\"color: #ffffff; font-family: Poppins; font-weight: bold; font-style: normal; font-size: 10pt;\"><a style=\"color: #ffffff;\" href=\"#performances\">Performances<\/a><\/span><\/li><li style=\"text-align: left;\"><span style=\"color: #ffffff; font-family: Poppins; font-weight: bold; font-style: normal; font-size: 10pt;\"><a style=\"color: #ffffff;\" href=\"#composition\">Composition<\/a><\/span><\/li><li style=\"text-align: left;\"><span style=\"color: #ffffff; font-family: Poppins; font-weight: bold; font-style: normal; font-size: 10pt;\"><a style=\"color: #ffffff;\" href=\"#documents-techniques\">Technical documents<\/a><\/span><\/li><li style=\"text-align: left;\"><span style=\"color: #ffffff; font-family: Poppins; font-weight: bold; font-style: normal; font-size: 10pt;\"><a style=\"color: #ffffff;\" href=\"#pulications-scientifiques\">Scientific publications<\/a><\/span><\/li><\/ul><\/div><\/div><\/div><\/div><\/div><\/div><\/div><\/div><div class=\"vce-row-container\" data-vce-boxed-width=\"true\"><div class=\"vce-row vce-row--col-gap-30 performance-section vce-row-equal-height vce-row-content--top\" id=\"el-d13fb08d\" data-vce-do-apply=\"all el-d13fb08d\"><div class=\"vce-content-background-container\"><\/div><div class=\"vce-row-content\" data-vce-element-content=\"true\"><div class=\"vce-col vce-col--xs-100p vce-col--xs-visible vce-col--xs-last vce-col--xs-first vce-col--sm-100p vce-col--sm-visible vce-col--sm-last vce-col--sm-first vce-col--md-100p vce-col--md-visible vce-col--md-last vce-col--md-first vce-col--lg-100p vce-col--lg-visible vce-col--lg-last vce-col--lg-first vce-col--xl-100p vce-col--xl-visible vce-col--xl-last vce-col--xl-first\" id=\"el-099fb5f5\"><div class=\"vce-col-inner\" data-vce-do-apply=\"border margin background  el-099fb5f5\"><div class=\"vce-col-content\" data-vce-element-content=\"true\" data-vce-do-apply=\"padding el-099fb5f5\"><div class=\"vce-text-block performance-heading\" id=\"performances\"><div class=\"vce-text-block-wrapper vce\" id=\"el-8d4f7fae\" data-vce-do-apply=\"all el-8d4f7fae\"><h3 style=\"text-align: left;\"><span style=\"font-family: Poppins; font-weight: 500; font-style: normal; font-size: 16pt;\">Rendimiento<\/span><\/h3><\/div><\/div><div class=\"vce-text-block performance-heading\"><div class=\"vce-text-block-wrapper vce\" id=\"el-96a281bb\" data-vce-do-apply=\"all el-96a281bb\"><p class=\"p2\" style=\"text-align: left;\">Medio cromog\u00e9nico para la detecci\u00f3n y recuento de <em>E. coli<\/em> \u00df-glucuronidasa positiva en muestras de alimentos y piensos para animales, de acuerdo con la norma NF EN <strong>ISO 16649<\/strong>.<\/p><p style=\"text-align: left;\">&nbsp;<\/p><p class=\"p2\" style=\"text-align: left;\">La presencia de <em>E. coli<\/em> indica contaminaci\u00f3n fecal y la posible presencia de pat\u00f3genos peligrosos tales como bacterias del tipo <em>Vibrio cholerae<\/em>, <em>Salmonella<\/em>, <em>Pseudomonas<\/em> etc. o virus y par\u00e1sitos intestinales. Las infecciones derivadas de la ingesti\u00f3n de material contaminado pueden ser peligrosas y potencialmente mortales.<\/p><p style=\"text-align: left;\">&nbsp;<\/p><p style=\"text-align: left;\">La sensibilidad para <em>E.coli<\/em> es del 96 % (Ogden y cols. 1991).<\/p><p style=\"text-align: left;\">&nbsp;<\/p><p style=\"text-align: left;\">Existen cepas muy poco frecuentes de <em>E. coli<\/em> \u00df-glucuronidasa negativas que son falsamente negativas en este medio (por lo general <em>E. coli<\/em> 0157). Si la investigaci\u00f3n se centra en cepas pat\u00f3genas raras tales como <em>E. coli<\/em> O157: consulte el producto <a href=\"https:\/\/www.chromagar.com\/es\/product\/chromagar-o157\/\">CHROMagar O157<\/a>.<\/p><\/div><\/div><\/div><\/div><\/div><\/div><\/div><\/div><div class=\"vce-row-container\" data-vce-boxed-width=\"true\"><div class=\"vce-row vce-row--col-gap-30 document-tech-section vce-row-equal-height vce-row-content--top\" id=\"el-a89e474d\" data-vce-do-apply=\"all el-a89e474d\"><div class=\"vce-content-background-container\"><\/div><div class=\"vce-row-content\" data-vce-element-content=\"true\"><div class=\"vce-col vce-col--xs-100p vce-col--xs-visible vce-col--xs-last vce-col--xs-first vce-col--sm-100p vce-col--sm-visible vce-col--sm-last vce-col--sm-first vce-col--md-100p vce-col--md-visible vce-col--md-last vce-col--md-first vce-col--lg-100p vce-col--lg-visible vce-col--lg-last vce-col--lg-first vce-col--xl-100p vce-col--xl-visible vce-col--xl-last vce-col--xl-first\" id=\"el-b4e03176\"><div class=\"vce-col-inner\" data-vce-do-apply=\"border margin background  el-b4e03176\"><div class=\"vce-col-content\" data-vce-element-content=\"true\" data-vce-do-apply=\"padding el-b4e03176\"><div class=\"vce-text-block doc-tech-heading\" id=\"documents-techniques\"><div class=\"vce-text-block-wrapper vce\" id=\"el-d65747c7\" data-vce-do-apply=\"all el-d65747c7\"><h3><span style=\"font-family: Poppins; font-weight: 500; font-style: normal; font-size: 16pt;\">Documentos t\u00e9cnicos<\/span><\/h3><\/div><\/div><div class=\"vce-row-container\" data-vce-boxed-width=\"true\"><div class=\"vce-row vce-row--col-gap-30 vce-row-equal-height vce-row-content--top\" id=\"el-aa144300\" data-vce-do-apply=\"all el-aa144300\"><div class=\"vce-content-background-container\"><\/div><div class=\"vce-row-content\" data-vce-element-content=\"true\"><div class=\"vce-col vce-col--md-auto vce-col--xs-1 vce-col--xs-last vce-col--xs-first vce-col--sm-last vce-col--sm-first vce-col--md-last vce-col--lg-last vce-col--xl-last vce-col--md-first vce-col--lg-first vce-col--xl-first\" id=\"el-d6efae65\"><div class=\"vce-col-inner\" data-vce-do-apply=\"border margin background  el-d6efae65\"><div class=\"vce-col-content\" data-vce-element-content=\"true\" data-vce-do-apply=\"padding el-d6efae65\"><div class=\"vce-shortcode\"><div class=\"vce-shortcode-wrapper vce\" id=\"el-762b7dc0\" data-vce-do-apply=\"all el-762b7dc0\">\t<div class=\"related-doc-sec\">\n\t\t\t<div class=\"related-doc-wrap\">\n\t\t\t<div class=\"related-doc-img\">\n\t\t\t\t<a href=\"https:\/\/www.chromagar.com\/wp-content\/uploads\/2024\/06\/AD-ASQ-255-v2.3.pdf\" target=\"_blank\"><img src=\"\/wp-content\/uploads\/2021\/09\/Group-2537.png\"><\/a>\n\t\t\t<\/div>\n\t\t\t<div class=\"related-doc-title\">\n\t\t\t\t<a href=\"https:\/\/www.chromagar.com\/wp-content\/uploads\/2024\/06\/AD-ASQ-255-v2.3.pdf\" class=\"black\" target=\"_blank\">CHROMagar\u2122 TBX MSDS<\/a>\n\t\t\t<\/div>\n\t\t<\/div>\n\t\t\n\t\t\t<div class=\"related-doc-wrap\">\n\t\t\t<div class=\"related-doc-img\">\n\t\t\t\t<a href=\"https:\/\/www.chromagar.com\/wp-content\/uploads\/2024\/06\/NT-EXT-014-NOTICE-TBX-V3.1.pdf\" target=\"_blank\"><img src=\"\/wp-content\/uploads\/2021\/09\/Group-2537.png\"><\/a>\n\t\t\t<\/div>\n\t\t\t<div class=\"related-doc-title\">\n\t\t\t\t<a href=\"https:\/\/www.chromagar.com\/wp-content\/uploads\/2024\/06\/NT-EXT-014-NOTICE-TBX-V3.1.pdf\" class=\"black\" target=\"_blank\">Instructions for Use (5L)<\/a>\n\t\t\t<\/div>\n\t\t<\/div>\n\t\t\t<div class=\"related-doc-wrap\">\n\t\t\t<div class=\"related-doc-img\">\n\t\t\t\t<a href=\"https:\/\/www.chromagar.com\/wp-content\/uploads\/2024\/06\/NT-EXT-128-NOTICE-TBX-V1.1_JAA_03032026.pdf\" target=\"_blank\"><img src=\"\/wp-content\/uploads\/2021\/09\/Group-2537.png\"><\/a>\n\t\t\t<\/div>\n\t\t\t<div class=\"related-doc-title\">\n\t\t\t\t<a href=\"https:\/\/www.chromagar.com\/wp-content\/uploads\/2024\/06\/NT-EXT-128-NOTICE-TBX-V1.1_JAA_03032026.pdf\" class=\"black\" target=\"_blank\">Instructions for Use (500G)<\/a>\n\t\t\t<\/div>\n\t\t<\/div>\n\t\t<\/div>\n\t<\/div><\/div><\/div><\/div><\/div><\/div><\/div><\/div><div class=\"vce-text-block\"><div class=\"vce-text-block-wrapper vce\" id=\"el-6e1df0c8\" data-vce-do-apply=\"all el-6e1df0c8\"><p style=\"line-height: 1.5;\">Para descargar el certificado de an\u00e1lisis, indique a continuaci\u00f3n su n\u00famero de lote:<\/p>\r\n<p>&nbsp;<\/p>\r\n<div class=\"searching_bar\"><form action=\"\/certificat-analyse\/\" autocomplete=\"off\" method=\"get\">\r\n<div class=\"search-form\"><input id=\"cer\" class=\"input_search\" name=\"cer\" type=\"text\" placeholder=\"Trouver le num\u00e9ro de lot (ex : P001563)\"><\/div>\r\n<\/form><\/div><\/div><\/div><\/div><\/div><\/div><\/div><\/div><\/div><div class=\"vce-row-container\" data-vce-boxed-width=\"true\"><div class=\"vce-row vce-element--xl--has-background vce-element--lg--has-background vce-element--md--has-background vce-element--sm--has-background vce-element--xs--has-background vce-row--col-gap-30 vce-row-equal-height vce-row-content--top\" id=\"el-a3a62b98\" data-vce-do-apply=\"all el-a3a62b98\"><div class=\"vce-content-background-container\"><\/div><div class=\"vce-row-content\" data-vce-element-content=\"true\"><div class=\"vce-col vce-col--xs-100p vce-col--xs-visible vce-col--xs-last vce-col--xs-first vce-col--sm-100p vce-col--sm-visible vce-col--sm-last vce-col--sm-first vce-col--md-100p vce-col--md-visible vce-col--md-last vce-col--md-first vce-col--lg-100p vce-col--lg-visible vce-col--lg-last vce-col--lg-first vce-col--xl-100p vce-col--xl-visible vce-col--xl-last vce-col--xl-first\" id=\"el-267d9a67\"><div class=\"vce-col-inner\" data-vce-do-apply=\"border margin background  el-267d9a67\"><div class=\"vce-content-background-container\"><\/div><div class=\"vce-col-content\" data-vce-element-content=\"true\" data-vce-do-apply=\"padding el-267d9a67\"><div class=\"vce-text-block publication-heading\" id=\"pulications-scientifiques\"><div class=\"vce-text-block-wrapper vce\" id=\"el-f622e8a0\" data-vce-do-apply=\"all el-f622e8a0\"><h3><span style=\"font-family: Poppins; font-size: 16pt; font-weight: 500; font-style: normal;\">Publicaciones cient\u00edficas<\/span><\/h3><\/div><\/div><div class=\"vce-text-block publication-heading\"><div class=\"vce-text-block-wrapper vce\" id=\"el-1276ee7c\" data-vce-do-apply=\"all el-1276ee7c\"><h3>No publication for this product.<\/h3><\/div><\/div><\/div><\/div><\/div><div class=\"vce-col vce-col--xs-100p vce-col--xs-visible vce-col--xs-last vce-col--xs-first vce-col--sm-100p vce-col--sm-visible vce-col--sm-last vce-col--sm-first vce-col--md-100p vce-col--md-visible vce-col--md-last vce-col--md-first vce-col--lg-100p vce-col--lg-visible vce-col--lg-last vce-col--lg-first vce-col--xl-100p vce-col--xl-visible vce-col--xl-last vce-col--xl-first\" id=\"el-69bdccd1\"><div class=\"vce-col-inner\" data-vce-do-apply=\"border margin background  el-69bdccd1\"><div class=\"vce-col-content\" data-vce-element-content=\"true\" data-vce-do-apply=\"padding el-69bdccd1\"><div class=\"vce-shortcode\"><div class=\"vce-shortcode-wrapper vce\" id=\"el-d638e0fa\" data-vce-do-apply=\"all el-d638e0fa\"><\/div><\/div><\/div><\/div><\/div><div class=\"vce-col vce-col--xs-100p vce-col--xs-visible vce-col--xs-last vce-col--xs-first vce-col--sm-100p vce-col--sm-visible vce-col--sm-last vce-col--sm-first vce-col--md-100p vce-col--md-visible vce-col--md-last vce-col--md-first vce-col--lg-100p vce-col--lg-visible vce-col--lg-last vce-col--lg-first vce-col--xl-100p vce-col--xl-visible vce-col--xl-last vce-col--xl-first\" id=\"el-19463472\"><div class=\"vce-col-inner\" data-vce-do-apply=\"border margin background  el-19463472\"><div class=\"vce-content-background-container\"><\/div><div class=\"vce-col-content\" data-vce-element-content=\"true\" data-vce-do-apply=\"padding el-19463472\"><\/div><\/div><\/div><\/div><\/div><\/div>\n","protected":false},"excerpt":{"rendered":"<p>Para la detecci\u00f3n y el recuento de <em>E. coli<\/em> \u00df-glucuronidasa positiva<\/p>\n<p><strong>ISO 16649<\/strong><\/p>\n","protected":false},"featured_media":15135,"template":"","meta":[],"product_cat":[25,27,28],"product_tag":[],"_links":{"self":[{"href":"https:\/\/www.chromagar.com\/es\/wp-json\/wp\/v2\/product\/12122"}],"collection":[{"href":"https:\/\/www.chromagar.com\/es\/wp-json\/wp\/v2\/product"}],"about":[{"href":"https:\/\/www.chromagar.com\/es\/wp-json\/wp\/v2\/types\/product"}],"wp:featuredmedia":[{"embeddable":true,"href":"https:\/\/www.chromagar.com\/es\/wp-json\/wp\/v2\/media\/15135"}],"wp:attachment":[{"href":"https:\/\/www.chromagar.com\/es\/wp-json\/wp\/v2\/media?parent=12122"}],"wp:term":[{"taxonomy":"product_cat","embeddable":true,"href":"https:\/\/www.chromagar.com\/es\/wp-json\/wp\/v2\/product_cat?post=12122"},{"taxonomy":"product_tag","embeddable":true,"href":"https:\/\/www.chromagar.com\/es\/wp-json\/wp\/v2\/product_tag?post=12122"}],"curies":[{"name":"wp","href":"https:\/\/api.w.org\/{rel}","templated":true}]}}