{"id":998,"date":"2021-10-27T08:20:13","date_gmt":"2021-10-27T08:20:13","guid":{"rendered":"https:\/\/chromagar.agencestudionet.com\/nuestra-sociedad\/technologie-chromogene\/"},"modified":"2022-02-14T10:46:08","modified_gmt":"2022-02-14T10:46:08","slug":"tecnologia-cromogenica","status":"publish","type":"page","link":"https:\/\/www.chromagar.com\/es\/nuestra-sociedad\/tecnologia-cromogenica\/","title":{"rendered":"Tecnolog\u00eda cromog\u00e9nica"},"content":{"rendered":"<div class=\"vce-row-container\" data-vce-boxed-width=\"true\"><div class=\"vce-row vce-row--col-gap-30 la-block top-margin vce-row-equal-height vce-row-content--top\" id=\"el-0020c81e\" data-vce-do-apply=\"all el-0020c81e\"><div class=\"vce-content-background-container\"><\/div><div class=\"vce-row-content\" data-vce-element-content=\"true\"><div class=\"vce-col vce-col--xs-100p vce-col--xs-visible vce-col--xs-last vce-col--xs-first vce-col--sm-100p vce-col--sm-visible vce-col--sm-last vce-col--sm-first vce-col--md-100p vce-col--md-visible vce-col--md-last vce-col--md-first vce-col--lg-50p vce-col--lg-visible vce-col--lg-first vce-col--xl-50p vce-col--xl-visible vce-col--xl-first la-innovation\" id=\"el-ed31bdb8\"><div class=\"vce-col-inner\" data-vce-do-apply=\"border margin background  el-ed31bdb8\"><div class=\"vce-content-background-container\"><\/div><div class=\"vce-col-content\" data-vce-element-content=\"true\" data-vce-do-apply=\"padding el-ed31bdb8\"><div class=\"vce-text-block la-p\"><div class=\"vce-text-block-wrapper vce\" id=\"el-0e257d5f\" data-vce-do-apply=\"all el-0e257d5f\"><p style=\"text-align: justify;\"><span style=\"font-family: Poppins;\">El primer medio de cultivo cromog\u00e9nico (para la detecci\u00f3n de <i>E. coli<\/i>) fue inventado y patentado por el Dr. Alain Rambach en 1979. La introducci\u00f3n de este medio desencaden\u00f3 una revoluci\u00f3n en el diagn\u00f3stico microbiano impulsada por la introducci\u00f3n de una variedad de medios para la detecci\u00f3n de los principales pat\u00f3genos cl\u00ednicos y alimentarios.<\/span><\/p><p>&nbsp;<\/p><p style=\"text-align: justify;\"><span style=\"font-family: Poppins;\"><b>\u00bfEn que consiste la tecnolog\u00eda de medios de cultivo cromog\u00e9nicos?<\/b><\/span><\/p><p>&nbsp;<\/p><p style=\"text-align: justify;\"><span style=\"font-family: Poppins;\">El poder de la tecnolog\u00eda cromog\u00e9nica es la combinaci\u00f3n de la detecci\u00f3n precisa de la actividad enzim\u00e1tica y la tinci\u00f3n de precipitaci\u00f3n localizada en la colonia, lo que permite una f\u00e1cil diferenciaci\u00f3n de microorganismos mediante la tinci\u00f3n de bacterias cultivadas.<\/span><\/p><p>&nbsp;<\/p><p style=\"text-align: justify;\"><span style=\"font-family: Poppins;\">Esta tecnolog\u00eda se basa en una mol\u00e9cula soluble incolora llamada crom\u00f3geno, compuesta por un sustrato, que se dirige a una actividad enzim\u00e1tica espec\u00edfica y un crom\u00f3foro.<\/span><\/p><p>&nbsp;<\/p><p style=\"text-align: justify;\"><span style=\"font-family: Poppins;\">Cuando el conjugado cromog\u00e9nico incoloro es escindido por la enzima del organismo diana, se libera el crom\u00f3foro. En su forma no conjugada, el crom\u00f3foro exhibe su color distintivo y, debido a su reducida solubilidad, forma un precipitado.<\/span><\/p><p>&nbsp;<\/p><p style=\"text-align: justify;\"><span style=\"font-family: Poppins;\">El resultado es una diferenciaci\u00f3n basada en colores muy espec\u00edfica y distintiva, que es claramente visible a simple vista en condiciones de iluminaci\u00f3n normales.<\/span><\/p><\/div><\/div><div class=\"vce-single-image-container vce-single-image--align-left\"><div class=\"vce vce-single-image-wrapper\" id=\"el-86d6bff7\" data-vce-do-apply=\"all el-86d6bff7\"><figure><div class=\"vce-single-image-inner vce-single-image--absolute\" style=\"padding-bottom: 69.62890625%; width: 1024px;\"><img decoding=\"async\" loading=\"lazy\" class=\"vce-single-image vcv-lozad\" data-src=\"https:\/\/www.chromagar.com\/wp-content\/uploads\/2021\/12\/mechanism-scaled.jpg\" width=\"1024\" height=\"713\" src=\"\" data-img-src=\"https:\/\/www.chromagar.com\/wp-content\/uploads\/2021\/12\/mechanism-scaled.jpg\" alt=\"\" title=\"mechanism\" \/><noscript>\n        &lt;img class=\"vce-single-image\" src=\"https:\/\/www.chromagar.com\/wp-content\/uploads\/2021\/12\/mechanism-scaled.jpg\" width=\"1024\" height=\"713\" alt=\"\" title=\"mechanism\" \/&gt;\n      <\/noscript><\/div><figcaption hidden=\"\"><\/figcaption><\/figure><\/div><\/div><div class=\"vce-text-block la-span\"><div class=\"vce-text-block-wrapper vce\" id=\"el-7cd6cc1e\" data-vce-do-apply=\"all el-7cd6cc1e\"><\/div><\/div><\/div><\/div><\/div><div class=\"vce-col vce-col--xs-100p vce-col--xs-visible vce-col--xs-last vce-col--xs-first vce-col--sm-100p vce-col--sm-visible vce-col--sm-last vce-col--sm-first vce-col--md-100p vce-col--md-visible vce-col--md-last vce-col--md-first vce-col--lg-50p vce-col--lg-visible vce-col--lg-last vce-col--xl-50p vce-col--xl-visible vce-col--xl-last content-zigzag\" id=\"el-3315b951\"><div class=\"vce-col-inner\" data-vce-do-apply=\"border margin background  el-3315b951\"><div class=\"vce-content-background-container\"><\/div><div class=\"vce-col-content\" data-vce-element-content=\"true\" data-vce-do-apply=\"padding el-3315b951\"><div class=\"vce-single-image-container zigzag-image vce-single-image--align-left\"><div class=\"vce vce-single-image-wrapper\" id=\"el-2244e801\" data-vce-do-apply=\"all el-2244e801\"><figure><div class=\"vce-single-image-inner vce-single-image--absolute\" style=\"padding-bottom: 66.6015625%; width: 1024px;\"><img decoding=\"async\" loading=\"lazy\" class=\"vce-single-image vcv-lozad\" data-src=\"https:\/\/www.chromagar.com\/wp-content\/uploads\/2021\/12\/selection-2-scaled.jpg\" width=\"1024\" height=\"682\" src=\"\" data-img-src=\"https:\/\/www.chromagar.com\/wp-content\/uploads\/2021\/12\/selection-2-scaled.jpg\" alt=\"\" title=\"selection 2\" \/><noscript>\n        &lt;img class=\"vce-single-image\" src=\"https:\/\/www.chromagar.com\/wp-content\/uploads\/2021\/12\/selection-2-scaled.jpg\" width=\"1024\" height=\"682\" alt=\"\" title=\"selection 2\" \/&gt;\n      <\/noscript><\/div><figcaption hidden=\"\"><\/figcaption><\/figure><\/div><\/div><\/div><\/div><\/div><\/div><\/div><\/div><div class=\"vce-row-container\" data-vce-boxed-width=\"true\"><div class=\"vce-row vce-row--xl--has-col-background vce-row--lg--has-col-background vce-row--col-gap-30 la-wrap vce-row-equal-height vce-row-content--top\" id=\"el-a36991da\" data-vce-do-apply=\"all el-a36991da\"><div class=\"vce-content-background-container\"><\/div><div class=\"vce-row-content\" data-vce-element-content=\"true\"><div class=\"vce-col vce-element--xl--has-background vce-element--lg--has-background vce-col--xs-100p vce-col--xs-visible vce-col--xs-last vce-col--xs-first vce-col--sm-100p vce-col--sm-visible vce-col--sm-last vce-col--sm-first vce-col--md-100p vce-col--md-visible vce-col--md-last vce-col--md-first vce-col--lg-50p vce-col--lg-visible vce-col--lg-first vce-col--xl-50p vce-col--xl-visible vce-col--xl-first la-content\" id=\"el-1bc93306\"><div class=\"vce-col-inner\" data-vce-do-apply=\"border margin background  el-1bc93306\"><div class=\"vce-content-background-container\"><\/div><div class=\"vce-col-content\" data-vce-element-content=\"true\" data-vce-do-apply=\"padding el-1bc93306\"><div class=\"vce-text-block la-heading\"><div class=\"vce-text-block-wrapper vce\" id=\"el-d2975f20\" data-vce-do-apply=\"all el-d2975f20\"><h2 style=\"line-height: 1.25; text-align: left;\"><span style=\"font-family: Poppins; font-weight: 500; font-style: normal; font-size: 16pt;\">\u00bfCu\u00e1les son las ventajas de este m\u00e9todo?<\/span><\/h2><\/div><\/div><div class=\"vce-text-block la-p\"><div class=\"vce-text-block-wrapper vce\" id=\"el-199c4822\" data-vce-do-apply=\"all el-199c4822\"><p style=\"text-align: justify;\"><span style=\"font-family: inherit;\">La tecnolog\u00eda cromog\u00e9nica es una herramienta poderosa para detectar microorganismos espec\u00edficos incluso en condiciones de policultivo, lo que permite al usuario:<\/span><\/p><br><p style=\"text-align: justify;\"><span style=\"font-family: inherit;\">- una detecci\u00f3n fenot\u00edpica, es decir, sobre la base del car\u00e1cter realmente expresado por el microorganismo,<\/span><\/p><br><p style=\"text-align: justify;\"><span style=\"font-family: inherit;\">- Para facilitar la identificaci\u00f3n final (sin trasplantes, menos colonias para analizar),<\/span><\/p><br><p style=\"text-align: justify;\"><span style=\"font-family: inherit;\">- Un resultado m\u00e1s r\u00e1pido y eficiente.<\/span><\/p><\/div><\/div><div class=\"vce-text-block la-text\"><div class=\"vce-text-block-wrapper vce\" id=\"el-5917a4f4\" data-vce-do-apply=\"all el-5917a4f4\"><p style=\"line-height: 1.25; text-align: justify;\"><span style=\"font-family: Poppins; font-weight: 500; font-style: normal;\">Para el t\u00e9cnico de laboratorio: \u00a1F\u00e1cil de leer de un vistazo!<\/span><\/p><\/div><\/div><div class=\"vce-text-block la-p\"><div class=\"vce-text-block-wrapper vce\" id=\"el-9cbe3a8c\" data-vce-do-apply=\"all el-9cbe3a8c\"><p style=\"text-align: justify;\"><span style=\"font-family: inherit;\">- El resultado es muy espec\u00edfico y distintivo en un policultivo,<\/span><\/p><br><p style=\"text-align: justify;\"><span style=\"font-family: inherit;\">- M\u00e9todo de diferenciaci\u00f3n basado en el color,<\/span><\/p><br><p style=\"text-align: justify;\"><span style=\"font-family: inherit;\">- Lectura de las cajas a simple vista. Gracias a esta t\u00e9cnica, las colonias espec\u00edficas son reconocibles de un vistazo gracias a su color, lo que limita el riesgo de malas interpretaciones.<\/span><\/p><\/div><\/div><div class=\"vce-text-block la-text\"><div class=\"vce-text-block-wrapper vce\" id=\"el-55848591\" data-vce-do-apply=\"all el-55848591\"><p style=\"line-height: 1.25; text-align: justify;\"><span style=\"font-family: Poppins; font-weight: 500; font-style: normal;\">Econom\u00edas de escala: \u00a1Ahorro de costes y m\u00e9todo r\u00e1pido!<\/span><\/p><\/div><\/div><div class=\"vce-text-block la-p\"><div class=\"vce-text-block-wrapper vce\" id=\"el-204c6f20\" data-vce-do-apply=\"all el-204c6f20\"><p style=\"text-align: justify;\"><span style=\"font-family: inherit;\">- Permite una f\u00e1cil diferenciaci\u00f3n de microorganismos sin las limitaciones a menudo complejas y costosas de los procedimientos de detecci\u00f3n tradicionales (sin subcultivos),<\/span><\/p><br><p style=\"text-align: justify;\"><span style=\"font-family: inherit;\">- Al ahorrar tiempo y mano de obra, aumenta la eficiencia de las pruebas de laboratorio,<\/span><\/p><br><p style=\"text-align: justify;\"><span style=\"font-family: inherit;\">- Al acortar el tiempo para identificar pat\u00f3genos, ayuda a prevenir la propagaci\u00f3n de infecciones.<\/span><\/p><\/div><\/div><\/div><\/div><\/div><div class=\"vce-col vce-col--xs-100p vce-col--xs-visible vce-col--xs-last vce-col--xs-first vce-col--sm-100p vce-col--sm-visible vce-col--sm-last vce-col--sm-first vce-col--md-100p vce-col--md-visible vce-col--md-last vce-col--md-first vce-col--lg-50p vce-col--lg-visible vce-col--lg-last vce-col--xl-50p vce-col--xl-visible vce-col--xl-last content-zigzag\" id=\"el-08cc6271\"><div class=\"vce-col-inner\" data-vce-do-apply=\"border margin background  el-08cc6271\"><div class=\"vce-content-background-container\"><\/div><div class=\"vce-col-content\" data-vce-element-content=\"true\" data-vce-do-apply=\"padding el-08cc6271\"><div class=\"vce-single-image-container zigzag-image vce-single-image--align-center\"><div class=\"vce vce-single-image-wrapper\" id=\"el-c3400b22\" data-vce-do-apply=\"all el-c3400b22\"><figure><div class=\"vce-single-image-inner vce-single-image--absolute\" style=\"padding-bottom: 65.0390625%; width: 1024px;\"><img decoding=\"async\" loading=\"lazy\" class=\"vce-single-image vcv-lozad\" data-src=\"https:\/\/www.chromagar.com\/wp-content\/uploads\/2021\/12\/AdobeStock_73691763-scaled.jpeg\" width=\"1024\" height=\"666\" src=\"\" data-img-src=\"https:\/\/www.chromagar.com\/wp-content\/uploads\/2021\/12\/AdobeStock_73691763-scaled.jpeg\" alt=\"\" title=\"lab technician hand planting a petri dish\" \/><noscript>\n        &lt;img class=\"vce-single-image\" src=\"https:\/\/www.chromagar.com\/wp-content\/uploads\/2021\/12\/AdobeStock_73691763-scaled.jpeg\" width=\"1024\" height=\"666\" alt=\"\" title=\"lab technician hand planting a petri dish\" \/&gt;\n      <\/noscript><\/div><figcaption>microbiologist hand cultivating a petri dish whit inoculation loops, beside a microscope and at background tubes and tools of laboratory \/ lab technician hand planting a petri dish<\/figcaption><\/figure><\/div><\/div><\/div><\/div><\/div><\/div><\/div><\/div><div class=\"vce-row-container\" data-vce-boxed-width=\"true\"><div class=\"vce-row vce-row--col-gap-30 iso-section vce-row-equal-height vce-row-content--top vcv-state--show-resizer\" id=\"el-122722ce\" data-vce-do-apply=\"all el-122722ce\"><div class=\"vce-content-background-container\"><\/div><div class=\"vce-row-content\" data-vce-element-content=\"true\"><div class=\"vce-col vce-col--xs-100p vce-col--xs-visible vce-col--xs-last vce-col--xs-first vce-col--sm-100p vce-col--sm-visible vce-col--sm-last vce-col--sm-first vce-col--md-100p vce-col--md-visible vce-col--md-last vce-col--md-first vce-col--lg-100p vce-col--lg-visible vce-col--lg-last vce-col--lg-first vce-col--xl-100p vce-col--xl-visible vce-col--xl-last vce-col--xl-first\" id=\"el-67f1ae39\"><div class=\"vce-col-inner\" data-vce-do-apply=\"border margin background  el-67f1ae39\"><div class=\"vce-content-background-container\"><\/div><div class=\"vce-col-content\" data-vce-element-content=\"true\" data-vce-do-apply=\"padding el-67f1ae39\"><div class=\"vce-text-block iso-heading\"><div class=\"vce-text-block-wrapper vce\" id=\"el-7da63543\" data-vce-do-apply=\"all el-7da63543\"><h2 style=\"line-height: 1.25; text-align: center;\"><span style=\"font-family: Poppins; font-weight: 500; font-style: normal; font-size: 18pt;\">\u00bfPor qu\u00e9 utilizar los productos CHROMagar\u2122 ?<\/span><\/h2><\/div><\/div><\/div><\/div><\/div><div class=\"vce-col vce-col--xs-100p vce-col--xs-visible vce-col--xs-last vce-col--xs-first vce-col--sm-100p vce-col--sm-visible vce-col--sm-last vce-col--sm-first vce-col--md-100p vce-col--md-visible vce-col--md-last vce-col--md-first vce-col--lg-50p vce-col--lg-visible vce-col--lg-first vce-col--xl-50p vce-col--xl-visible vce-col--xl-first\" id=\"el-49faaa06\"><div class=\"vce-col-inner\" data-vce-do-apply=\"border margin background  el-49faaa06\"><div class=\"vce-content-background-container\"><\/div><div class=\"vce-col-content\" data-vce-element-content=\"true\" data-vce-do-apply=\"padding el-49faaa06\"><div class=\"vce-text-block iso-head\"><div class=\"vce-text-block-wrapper vce\" id=\"el-a56278a7\" data-vce-do-apply=\"all el-a56278a7\"><p><span style=\"font-family: Poppins; font-weight: 500; font-style: normal; font-size: 10pt;\">Una red de distribuci\u00f3n internacional<\/span><\/p><\/div><\/div><div class=\"vce-text-block iso-p\"><div class=\"vce-text-block-wrapper vce\" id=\"el-6e887ec4\" data-vce-do-apply=\"all el-6e887ec4\"><p style=\"text-align: justify;\">CHROMagar\u2122 proporciona la gama m\u00e1s amplia de medios de cultivo cromog\u00e9nicos deshidratados dise\u00f1ados para satisfacer necesidades espec\u00edficas en los campos cl\u00ednico, de an\u00e1lisis de agua, alimentario y veterinario.<\/p><p>&nbsp;<\/p><p style=\"text-align: justify;\">Toda nuestra gama de productos est\u00e1 disponible en todo el mundo a trav\u00e9s de 138 distribuidores ubicados en todos los continentes. Para localizar a su distribuidor local, visite nuestra secci\u00f3n de <a href=\"https:\/\/chromagar.agencestudionet.com\/es\/encuentre-su-distribuidor\/\"><u>Distribuidores<\/u>.<\/a><\/p><\/div><\/div><\/div><\/div><\/div><div class=\"vce-col vce-col--xs-100p vce-col--xs-visible vce-col--xs-last vce-col--xs-first vce-col--sm-100p vce-col--sm-visible vce-col--sm-last vce-col--sm-first vce-col--md-100p vce-col--md-visible vce-col--md-last vce-col--md-first vce-col--lg-50p vce-col--lg-visible vce-col--lg-last vce-col--xl-50p vce-col--xl-visible vce-col--xl-last\" id=\"el-c77aeec3\"><div class=\"vce-col-inner\" data-vce-do-apply=\"border margin background  el-c77aeec3\"><div class=\"vce-content-background-container\"><\/div><div class=\"vce-col-content\" data-vce-element-content=\"true\" data-vce-do-apply=\"padding el-c77aeec3\"><div class=\"vce-text-block iso-head\"><div class=\"vce-text-block-wrapper vce\" id=\"el-826e5738\" data-vce-do-apply=\"all el-826e5738\"><p style=\"text-align: justify;\"><span style=\"font-family: Poppins; font-weight: 500; font-style: normal; font-size: 10pt;\">La m\u00e1s amplia gama de medios de cultivo deshidratados<\/span><\/p><\/div><\/div><div class=\"vce-text-block iso-p\"><div class=\"vce-text-block-wrapper vce\" id=\"el-10bd20bc\" data-vce-do-apply=\"all el-10bd20bc\"><p style=\"text-align: justify;\"><span style=\"font-family: inherit;\">Los productos CHROMagar<sup>\u2122<\/sup> se venden deshidratados en los siguientes formatos: Qsf 5 L y Qsf 25 L. QSF significa \"Cantidad de polvo suficiente para X litros de medio\". Un paquete de QSF 5 L puede preparar aproximadamente 250 placas de Petri. Los formatos a granel tambi\u00e9n est\u00e1n disponibles bajo pedido.<\/span><\/p><p>&nbsp;<\/p><p style=\"text-align: justify;\"><span style=\"font-family: inherit;\">De nuestro polvo, los medios de cultivo cromog\u00e9nicos CHROMagar<sup>\u2122<\/sup> son f\u00e1ciles de preparar. Simplemente agregue agua purificada al polvo, hierva, enfr\u00ede y vierta. Utilice todo el vial o, si necesita un n\u00famero menor de latas, solo una porci\u00f3n.<\/span><\/p><p>&nbsp;<\/p><p style=\"text-align: justify;\"><span style=\"font-family: inherit;\">Si se almacenan a temperaturas de almacenamiento adecuadas, los productos en polvo CHROMagar<sup>\u2122<\/sup> tienen una vida \u00fatil prolongada (m\u00e1s de 18 meses). Esta flexibilidad es esencial para evitar costosos desperdicios resultantes de cajas no utilizadas.<\/span><\/p><p>&nbsp;<\/p><p style=\"text-align: justify;\"><span style=\"font-family: inherit;\">Las placas de medios preparadas en polvo CHROMagar<sup>\u2122<\/sup> est\u00e1n disponibles en varios pa\u00edses bajo las marcas Colorex<sup>\u2122<\/sup> y RambaCHROM\u2122.<\/span><\/p><\/div><\/div><div class=\"vce-text-block\"><div class=\"vce-text-block-wrapper vce\" id=\"el-e3f637e3\" data-vce-do-apply=\"all el-e3f637e3\"><\/div><\/div><\/div><\/div><\/div><\/div><\/div><\/div>\n","protected":false},"excerpt":{"rendered":"<p>El primer medio de cultivo cromog\u00e9nico (para la detecci\u00f3n de E. coli) fue inventado y patentado por el Dr. Alain Rambach en 1979. La introducci\u00f3n de este medio desencaden\u00f3 una revoluci\u00f3n en el diagn\u00f3stico microbiano impulsada por la introducci\u00f3n de una variedad de medios para la detecci\u00f3n de los principales pat\u00f3genos cl\u00ednicos y alimentarios.&nbsp;\u00bfEn que [&hellip;]<\/p>\n","protected":false},"author":3,"featured_media":103,"parent":901,"menu_order":0,"comment_status":"closed","ping_status":"closed","template":"","meta":[],"_links":{"self":[{"href":"https:\/\/www.chromagar.com\/es\/wp-json\/wp\/v2\/pages\/998"}],"collection":[{"href":"https:\/\/www.chromagar.com\/es\/wp-json\/wp\/v2\/pages"}],"about":[{"href":"https:\/\/www.chromagar.com\/es\/wp-json\/wp\/v2\/types\/page"}],"author":[{"embeddable":true,"href":"https:\/\/www.chromagar.com\/es\/wp-json\/wp\/v2\/users\/3"}],"replies":[{"embeddable":true,"href":"https:\/\/www.chromagar.com\/es\/wp-json\/wp\/v2\/comments?post=998"}],"version-history":[{"count":9,"href":"https:\/\/www.chromagar.com\/es\/wp-json\/wp\/v2\/pages\/998\/revisions"}],"predecessor-version":[{"id":4745,"href":"https:\/\/www.chromagar.com\/es\/wp-json\/wp\/v2\/pages\/998\/revisions\/4745"}],"up":[{"embeddable":true,"href":"https:\/\/www.chromagar.com\/es\/wp-json\/wp\/v2\/pages\/901"}],"wp:featuredmedia":[{"embeddable":true,"href":"https:\/\/www.chromagar.com\/es\/wp-json\/wp\/v2\/media\/103"}],"wp:attachment":[{"href":"https:\/\/www.chromagar.com\/es\/wp-json\/wp\/v2\/media?parent=998"}],"curies":[{"name":"wp","href":"https:\/\/api.w.org\/{rel}","templated":true}]}}