{"id":901,"date":"2021-09-06T13:02:24","date_gmt":"2021-09-06T13:02:24","guid":{"rendered":"https:\/\/chromagar.agencestudionet.com\/?page_id=901"},"modified":"2025-12-12T15:04:21","modified_gmt":"2025-12-12T15:04:21","slug":"nuestra-sociedad","status":"publish","type":"page","link":"https:\/\/www.chromagar.com\/es\/nuestra-sociedad\/","title":{"rendered":"Nuestra Empresa"},"content":{"rendered":"<div class=\"vce-row-container\" data-vce-boxed-width=\"true\"><div class=\"vce-row vce-row--col-gap-30 la-block top-margin vce-row-equal-height vce-row-content--top\" id=\"el-0020c81e\" data-vce-do-apply=\"all el-0020c81e\"><div class=\"vce-content-background-container\"><\/div><div class=\"vce-row-content\" data-vce-element-content=\"true\"><div class=\"vce-col vce-col--xs-100p vce-col--xs-visible vce-col--xs-last vce-col--xs-first vce-col--sm-100p vce-col--sm-visible vce-col--sm-last vce-col--sm-first vce-col--md-100p vce-col--md-visible vce-col--md-last vce-col--md-first vce-col--lg-50p vce-col--lg-visible vce-col--lg-first vce-col--xl-51p vce-col--xl-visible vce-col--xl-last vce-col--xl-first la-innovation\" id=\"el-ed31bdb8\"><div class=\"vce-col-inner\" data-vce-do-apply=\"border margin background  el-ed31bdb8\"><div class=\"vce-content-background-container\"><\/div><div class=\"vce-col-content\" data-vce-element-content=\"true\" data-vce-do-apply=\"padding el-ed31bdb8\"><div class=\"vce-text-block la-heading\"><div class=\"vce-text-block-wrapper vce\" id=\"el-2213638c\" data-vce-do-apply=\"all el-2213638c\"><h2 style=\"text-align: left\"><strong><span style=\"font-family: Poppins\"><span style=\"font-style: normal;font-size: 18pt\">L<\/span><span lang=\"ES\">\u00ed<\/span><span style=\"font-style: normal;font-size: 18pt\">der en innovaci<\/span><span lang=\"ES\">\u00f3n<\/span><\/span><\/strong><\/h2><\/div><\/div><div class=\"vce-text-block la-p\"><div class=\"vce-text-block-wrapper vce\" id=\"el-0e257d5f\" data-vce-do-apply=\"all el-0e257d5f\"><p class=\"MsoNormal\" style=\"margin: 0cm;font-size: medium;font-family: 'Times New Roman', serif;color: #000000;font-style: normal;text-align: justify\"><span style=\"font-family: Poppins\">Fundada en 1993 por el inventor de la tecnolog\u00eda de medios de cultivo cromog\u00e9nicos, el Dr. Alain Rambach.<\/span><\/p><p class=\"MsoNormal\" style=\"margin: 0cm;font-size: medium;font-family: 'Times New Roman', serif;color: #000000;font-style: normal;text-align: justify\"><span style=\"font-family: Poppins\"> Situado en el coraz\u00f3n de Par\u00eds (Francia) cerca del famoso Institut Pasteur donde el Dr. Rambach comenz\u00f3 su carrera investigadora, CHROMagar\u2122 ofrece soluciones innovadoras de medios de cultivo cromog\u00e9nicos, dise\u00f1adas para mejorar y simplificar las t\u00e9cnicas de cultivo tradicionales.<\/span><br><span style=\"font-family: Poppins\">&nbsp;<\/span><br><span style=\"font-family: Poppins\">Desde 2015, CHROMagar\u2122 forma parte del grupo Kanto Chemical Co., Inc, un fabricante japon\u00e9s de reactivos que suministra una amplia variedad de productos, incluidos intermedios farmac\u00e9uticos, reactivos cl\u00ednicos y productos qu\u00edmicos para gen\u00e9tica y medicina regenerativa.<\/span><br><span style=\"font-family: Poppins\">&nbsp;<\/span><br><span style=\"font-family: Poppins\">En la actualidad, CHROMagar\u2122 ofrece la gama m\u00e1s amplia de medios de cultivo cromog\u00e9nicos deshidratados disponible en el mercado, cubriendo aplicaciones en bacteriolog\u00eda cl\u00ednica, control de calidad para la industria alimentaria, an\u00e1lisis de aguas o microbiolog\u00eda veterinaria ... entre otras \u00e1reas.<\/span><br><span style=\"font-family: Poppins\">&nbsp;<\/span><br><span style=\"font-family: Poppins\">Estos medios permiten una detecci\u00f3n m\u00e1s r\u00e1pida y sencilla de los principales pat\u00f3genos cl\u00ednicos y transmitidos por los alimentos, incluidos <i>Salmonella, Staph aureus, Candida albicans, E. coli O157, Streptoccocus, E. coli, Listeria, Vibrio, Pseudomonas y C. perfringens.<\/i><\/span><br><span style=\"font-family: Poppins\">&nbsp;<\/span><br><span style=\"font-family: Poppins\">CHROMagar\u2122, impulsado por la investigaci\u00f3n, est\u00e1 a la vanguardia de la innovaci\u00f3n en tecnolog\u00eda de medios de cultivo cromog\u00e9nicos con alcance internacional a trav\u00e9s de su red de distribuci\u00f3n global.<\/span><\/p><\/div><\/div><div class=\"vce-text-block la-span\"><div class=\"vce-text-block-wrapper vce\" id=\"el-7cd6cc1e\" data-vce-do-apply=\"all el-7cd6cc1e\"><\/div><\/div><\/div><\/div><\/div><div class=\"vce-col vce-col--xs-100p vce-col--xs-visible vce-col--xs-last vce-col--xs-first vce-col--sm-100p vce-col--sm-visible vce-col--sm-last vce-col--sm-first vce-col--md-100p vce-col--md-visible vce-col--md-last vce-col--md-first vce-col--lg-50p vce-col--lg-visible vce-col--lg-last vce-col--xl-51p vce-col--xl-visible vce-col--xl-last vce-col--xl-first content-zigzag\" id=\"el-3315b951\"><div class=\"vce-col-inner\" data-vce-do-apply=\"border margin background  el-3315b951\"><div class=\"vce-content-background-container\"><\/div><div class=\"vce-col-content\" data-vce-element-content=\"true\" data-vce-do-apply=\"padding el-3315b951\"><div class=\"vce-single-image-container zigzag-image vce-single-image--align-left\"><div class=\"vce vce-single-image-wrapper\" id=\"el-2244e801\" data-vce-do-apply=\"all el-2244e801\"><figure><div class=\"vce-single-image-inner vce-single-image--absolute\" style=\"padding-bottom: 66.6016%;width: 1024px\"><img decoding=\"async\" loading=\"lazy\" class=\"vce-single-image vcv-lozad\" data-src=\"https:\/\/chromagar.agencestudionet.com\/wp-content\/uploads\/2021\/11\/AdobeStock_78601217-scaled.jpeg\" width=\"1024\" height=\"682\" src=\"\" data-img-src=\"https:\/\/chromagar.agencestudionet.com\/wp-content\/uploads\/2021\/11\/AdobeStock_78601217-scaled.jpeg\" alt=\"CHROMagar laboratory\" title=\"CHROMagar laboratory\" \/>\n        <img decoding=\"async\" loading=\"lazy\" class=\"vce-single-image\" src=\"https:\/\/chromagar.agencestudionet.com\/wp-content\/uploads\/2021\/11\/AdobeStock_78601217-scaled.jpeg\" width=\"1024\" height=\"682\" alt=\"CHROMagar laboratory\" title=\"CHROMagar laboratory\" \/>\n      <\/div><figcaption><\/figcaption><\/figure><\/div><\/div><\/div><\/div><\/div><\/div><\/div><\/div><div class=\"vce-row-container\" data-vce-boxed-width=\"true\"><div class=\"vce-row vce-row--xl--has-col-background vce-row--lg--has-col-background vce-row--col-gap-30 la-wrap vce-row-equal-height vce-row-content--top\" id=\"el-a36991da\" data-vce-do-apply=\"all el-a36991da\"><div class=\"vce-content-background-container\"><\/div><div class=\"vce-row-content\" data-vce-element-content=\"true\"><div class=\"vce-col vce-element--xl--has-background vce-element--lg--has-background vce-col--xs-100p vce-col--xs-visible vce-col--xs-last vce-col--xs-first vce-col--sm-100p vce-col--sm-visible vce-col--sm-last vce-col--sm-first vce-col--md-100p vce-col--md-visible vce-col--md-last vce-col--md-first vce-col--lg-50p vce-col--lg-visible vce-col--lg-first vce-col--xl-50p vce-col--xl-visible vce-col--xl-first la-content\" id=\"el-1bc93306\"><div class=\"vce-col-inner\" data-vce-do-apply=\"border margin background  el-1bc93306\"><div class=\"vce-content-background-container\"><\/div><div class=\"vce-col-content\" data-vce-element-content=\"true\" data-vce-do-apply=\"padding el-1bc93306\"><div class=\"vce-text-block la-heading\"><div class=\"vce-text-block-wrapper vce\" id=\"el-d2975f20\" data-vce-do-apply=\"all el-d2975f20\"><h2 style=\"line-height: 1.25;text-align: justify\"><span style=\"font-family: Poppins;font-weight: 500;font-style: normal;font-size: 18pt\">Los puntos fuertes de CHROMagar<\/span><span style=\"font-family: Poppins;font-weight: 500;font-style: normal;font-size: 18pt\">\u2122&nbsp;<\/span><\/h2><\/div><\/div><div class=\"vce-text-block la-text\"><div class=\"vce-text-block-wrapper vce\" id=\"el-6cab7cff\" data-vce-do-apply=\"all el-6cab7cff\"><p style=\"line-height: 1.25;text-align: left\"><span style=\"font-family: Poppins;font-size: 12pt;font-weight: 500;font-style: normal\">Mas de 40 a\u00f1os de experiencia, especializaci\u00f3n y saber hacer&nbsp;<\/span><b><\/b><\/p><\/div><\/div><div class=\"vce-text-block la-p\"><div class=\"vce-text-block-wrapper vce\" id=\"el-199c4822\" data-vce-do-apply=\"all el-199c4822\"><p style=\"text-align: justify\"><span style=\"font-family: inherit\">Pionero y especialista en tecnolog\u00eda de medios de cultivo cromog\u00e9nicos, CHROMagar\u2122 ha estado explorando aplicaciones microbianas cl\u00ednicas e industriales durante m\u00e1s de 40 a\u00f1os.<\/span><\/p><\/div><\/div><div class=\"vce-text-block la-text\"><div class=\"vce-text-block-wrapper vce\" id=\"el-5917a4f4\" data-vce-do-apply=\"all el-5917a4f4\"><p style=\"line-height: 1.25\"><span style=\"font-family: Poppins;font-weight: 500;font-style: normal\">Innovaci\u00f3n e investigaci\u00f3n, eje de su actividad<\/span><\/p><\/div><\/div><div class=\"vce-text-block la-p\"><div class=\"vce-text-block-wrapper vce\" id=\"el-9cbe3a8c\" data-vce-do-apply=\"all el-9cbe3a8c\"><p style=\"text-align: justify\"><span style=\"font-family: Poppins\">CHROMagar\u2122 est\u00e1 completamente involucrado en la investigaci\u00f3n con m\u00e1s del 30 % de sus recursos humanos involucrados en la investigaci\u00f3n. La misi\u00f3n de CHROMagar\u2122 es encontrar soluciones de detecci\u00f3n para los desaf\u00edos actuales del control de infecciones.<\/span><\/p><\/div><\/div><div class=\"vce-text-block la-text\"><div class=\"vce-text-block-wrapper vce\" id=\"el-55848591\" data-vce-do-apply=\"all el-55848591\"><p style=\"line-height: 1.25;text-align: justify\"><span style=\"font-family: Poppins;font-weight: 500;font-style: normal\">Reconocimiento global y una red de distribuci\u00f3n internacional<\/span><\/p><\/div><\/div><div class=\"vce-text-block la-p\"><div class=\"vce-text-block-wrapper vce\" id=\"el-204c6f20\" data-vce-do-apply=\"all el-204c6f20\"><p style=\"text-align: justify\"><span style=\"font-family: inherit\">Bien conocido en la comunidad microbiol\u00f3gica por su innovaci\u00f3n, cient\u00edficos internacionales de renombre han estudiado el rendimiento de los medios CHROMagar<sup>\u2122<\/sup>. Estos estudios han ayudado a crear conciencia sobre la tecnolog\u00eda CHROMagar\u2122 y est\u00e1n disponibles en l\u00ednea.<\/span><\/p><\/div><\/div><div class=\"vce-text-block la-anchor bordered-link left-bottom-border\"><div class=\"vce-text-block-wrapper vce\" id=\"el-950c5a70\" data-vce-do-apply=\"all el-950c5a70\"><\/div><\/div><\/div><\/div><\/div><div class=\"vce-col vce-col--xs-100p vce-col--xs-visible vce-col--xs-last vce-col--xs-first vce-col--sm-100p vce-col--sm-visible vce-col--sm-last vce-col--sm-first vce-col--md-100p vce-col--md-visible vce-col--md-last vce-col--md-first vce-col--lg-50p vce-col--lg-visible vce-col--lg-last vce-col--xl-50p vce-col--xl-visible vce-col--xl-last content-zigzag\" id=\"el-08cc6271\"><div class=\"vce-col-inner\" data-vce-do-apply=\"border margin background  el-08cc6271\"><div class=\"vce-content-background-container\"><\/div><div class=\"vce-col-content\" data-vce-element-content=\"true\" data-vce-do-apply=\"padding el-08cc6271\"><div class=\"vce-single-image-container zigzag-image vce-single-image--align-center\"><div class=\"vce vce-single-image-wrapper\" id=\"el-c3400b22\" data-vce-do-apply=\"all el-c3400b22\"><figure><div class=\"vce-single-image-inner vce-single-image--absolute\" style=\"padding-bottom: 66.6016%;width: 1024px\"><img decoding=\"async\" loading=\"lazy\" class=\"vce-single-image vcv-lozad\" data-src=\"https:\/\/chromagar.agencestudionet.com\/wp-content\/uploads\/2021\/10\/CHROMagar-plates-scaled.jpg\" width=\"1024\" height=\"682\" src=\"\" data-img-src=\"https:\/\/chromagar.agencestudionet.com\/wp-content\/uploads\/2021\/10\/CHROMagar-plates-scaled.jpg\" alt=\"CHROMagar culture media\" title=\"CHROMagar plates\" \/>\n        <img decoding=\"async\" loading=\"lazy\" class=\"vce-single-image\" src=\"https:\/\/chromagar.agencestudionet.com\/wp-content\/uploads\/2021\/10\/CHROMagar-plates-scaled.jpg\" width=\"1024\" height=\"682\" alt=\"CHROMagar culture media\" title=\"CHROMagar plates\" \/>\n      <\/div><figcaption><\/figcaption><\/figure><\/div><\/div><\/div><\/div><\/div><\/div><\/div><\/div><div class=\"vce-row-container\" data-vce-boxed-width=\"true\"><div class=\"vce-row vce-row--col-gap-30 iso-section vce-row-equal-height vce-row-content--top vcv-state--show-resizer\" id=\"el-122722ce\" data-vce-do-apply=\"all el-122722ce\"><div class=\"vce-content-background-container\"><\/div><div class=\"vce-row-content\" data-vce-element-content=\"true\"><div class=\"vce-col vce-col--xs-100p vce-col--xs-visible vce-col--xs-last vce-col--xs-first vce-col--sm-100p vce-col--sm-visible vce-col--sm-last vce-col--sm-first vce-col--md-100p vce-col--md-visible vce-col--md-last vce-col--md-first vce-col--lg-100p vce-col--lg-visible vce-col--lg-last vce-col--lg-first vce-col--xl-100p vce-col--xl-visible vce-col--xl-last vce-col--xl-first\" id=\"el-67f1ae39\"><div class=\"vce-col-inner\" data-vce-do-apply=\"border margin background  el-67f1ae39\"><div class=\"vce-content-background-container\"><\/div><div class=\"vce-col-content\" data-vce-element-content=\"true\" data-vce-do-apply=\"padding el-67f1ae39\"><div class=\"vce-text-block iso-heading\"><div class=\"vce-text-block-wrapper vce\" id=\"el-7da63543\" data-vce-do-apply=\"all el-7da63543\"><h2 style=\"line-height: 1.25;text-align: center\"><span style=\"font-family: Poppins;font-weight: 500;font-style: normal;font-size: 18pt\">Nuestra pol\u00edtica de control de calidad<\/span><\/h2><\/div><\/div><\/div><\/div><\/div><div class=\"vce-col vce-col--xs-100p vce-col--xs-visible vce-col--xs-last vce-col--xs-first vce-col--sm-100p vce-col--sm-visible vce-col--sm-last vce-col--sm-first vce-col--md-100p vce-col--md-visible vce-col--md-last vce-col--md-first vce-col--lg-50p vce-col--lg-visible vce-col--lg-first vce-col--xl-50p vce-col--xl-visible vce-col--xl-first\" id=\"el-49faaa06\"><div class=\"vce-col-inner\" data-vce-do-apply=\"border margin background  el-49faaa06\"><div class=\"vce-content-background-container\"><\/div><div class=\"vce-col-content\" data-vce-element-content=\"true\" data-vce-do-apply=\"padding el-49faaa06\"><div class=\"vce-text-block iso-head\"><div class=\"vce-text-block-wrapper vce\" id=\"el-a56278a7\" data-vce-do-apply=\"all el-a56278a7\"><p><span style=\"font-family: Poppins;font-weight: 500;font-style: normal;font-size: 10pt\">Certificaci\u00f3n ISO<\/span><\/p><\/div><\/div><div class=\"vce-text-block iso-p\"><div class=\"vce-text-block-wrapper vce\" id=\"el-6e887ec4\" data-vce-do-apply=\"all el-6e887ec4\"><p>CHROMagar<sup>\u2122<\/sup> es conforme a la norma ISO 13485.<\/p><p>CHROMagar<sup>\u2122<\/sup> cumple con rigurosos est\u00e1ndares de calidad para productos involucrados en procesos m\u00e9dicos.<\/p><p>El compromiso de CHROMagar<sup>\u2122 <\/sup>con el control de calidad mejora los procesos comerciales para lograr la completa satisfacci\u00f3n del cliente.<\/p><\/div><\/div><div class=\"vce-row-container\" data-vce-boxed-width=\"true\"><div class=\"vce-row vce-row--col-gap-30 iso-wrapup vce-row-equal-height vce-row-content--top\" id=\"el-01e5b702\" data-vce-do-apply=\"all el-01e5b702\"><div class=\"vce-content-background-container\"><\/div><div class=\"vce-row-content\" data-vce-element-content=\"true\"><div class=\"vce-col vce-col--xs-100p vce-col--xs-visible vce-col--xs-last vce-col--xs-first vce-col--sm-50p vce-col--sm-visible vce-col--sm-first vce-col--md-50p vce-col--md-visible vce-col--md-first vce-col--lg-auto vce-col--lg-visible vce-col--lg-first vce-col--xl-auto vce-col--xl-visible vce-col--xl-first iso-image\" id=\"el-bff8ac69\"><div class=\"vce-col-inner\" data-vce-do-apply=\"border margin background  el-bff8ac69\"><div class=\"vce-content-background-container\"><\/div><div class=\"vce-col-content\" data-vce-element-content=\"true\" data-vce-do-apply=\"padding el-bff8ac69\"><div class=\"vce-single-image-container vce-single-image--align-center\"><div class=\"vce vce-single-image-wrapper\" id=\"el-93ea8d0b\" data-vce-do-apply=\"all el-93ea8d0b\"><figure><div class=\"vce-single-image-inner vce-single-image--absolute\" style=\"padding-bottom: 100%;width: 150px\"><img decoding=\"async\" loading=\"lazy\" class=\"vce-single-image vcv-lozad\" data-src=\"https:\/\/www.chromagar.com\/wp-content\/uploads\/2021\/10\/13485-e1642776450103.png\" width=\"150\" height=\"150\" src=\"\" data-img-src=\"https:\/\/www.chromagar.com\/wp-content\/uploads\/2021\/10\/13485-e1642776450103.png\" alt=\"\" title=\"iso 13485\" \/>\n        <img decoding=\"async\" loading=\"lazy\" class=\"vce-single-image\" src=\"https:\/\/www.chromagar.com\/wp-content\/uploads\/2021\/10\/13485-e1642776450103.png\" width=\"150\" height=\"150\" alt=\"\" title=\"iso 13485\" \/>\n      <\/div><figcaption><\/figcaption><\/figure><\/div><\/div><\/div><\/div><\/div><div class=\"vce-col vce-col--xs-100p vce-col--xs-visible vce-col--xs-last vce-col--xs-first vce-col--sm-50p vce-col--sm-visible vce-col--sm-last vce-col--md-50p vce-col--md-visible vce-col--md-last vce-col--lg-auto vce-col--lg-visible vce-col--lg-last vce-col--xl-auto vce-col--xl-visible vce-col--xl-last iso-button\" id=\"el-fa07b403\"><div class=\"vce-col-inner\" data-vce-do-apply=\"border margin background  el-fa07b403\"><div class=\"vce-content-background-container\"><\/div><div class=\"vce-col-content\" data-vce-element-content=\"true\" data-vce-do-apply=\"padding el-fa07b403\"><div class=\"vce-text-block iso-head bordered-link left-bottom-border\"><div class=\"vce-text-block-wrapper vce\" id=\"el-aaa7323d\" data-vce-do-apply=\"all el-aaa7323d\"><p style=\"text-align: center\"><span style=\"color: #000000\"><span style=\"font-family: Poppins;font-weight: 500;font-style: normal\"><a href=\"https:\/\/www.chromagar.com\/wp-content\/uploads\/2024\/06\/Certificat-ISO-13485_CHROMagar_20252028.pdf\">Descargar aqu\u00ed<\/a><\/span><\/span><\/p><\/div><\/div><\/div><\/div><\/div><\/div><\/div><\/div><\/div><\/div><\/div><div class=\"vce-col vce-col--xs-100p vce-col--xs-visible vce-col--xs-last vce-col--xs-first vce-col--sm-100p vce-col--sm-visible vce-col--sm-last vce-col--sm-first vce-col--md-100p vce-col--md-visible vce-col--md-last vce-col--md-first vce-col--lg-50p vce-col--lg-visible vce-col--lg-last vce-col--xl-50p vce-col--xl-visible vce-col--xl-last\" id=\"el-c77aeec3\"><div class=\"vce-col-inner\" data-vce-do-apply=\"border margin background  el-c77aeec3\"><div class=\"vce-content-background-container\"><\/div><div class=\"vce-col-content\" data-vce-element-content=\"true\" data-vce-do-apply=\"padding el-c77aeec3\"><div class=\"vce-text-block iso-head\"><div class=\"vce-text-block-wrapper vce\" id=\"el-826e5738\" data-vce-do-apply=\"all el-826e5738\"><p><span style=\"font-family: Poppins;font-weight: 500;font-style: normal;font-size: 10pt\">Regulaciones de la Union Europea<\/span><\/p><\/div><\/div><div class=\"vce-text-block iso-p\"><div class=\"vce-text-block-wrapper vce\" id=\"el-10bd20bc\" data-vce-do-apply=\"all el-10bd20bc\"><p>Todos los productos CHROMagar<sup>\u2122 <\/sup>dise\u00f1ados para aplicaciones cl\u00ednicas cuentan con la marca CE, lo que garantiza los m\u00e1s altos est\u00e1ndares de calidad posibles para los procesos de producci\u00f3n, as\u00ed como una informaci\u00f3n uniforme del producto (para etiquetas y documentos t\u00e9cnicos).<\/p><p>&nbsp;<\/p><p>Nuestros clientes pueden acceder f\u00e1cilmente a nuestros documentos t\u00e9cnicos completos (incluidos los Certificados de an\u00e1lisis y las fichas de datos de seguridad de materiales).<\/p><\/div><\/div><div class=\"vce-text-block iso-p\"><div class=\"vce-text-block-wrapper vce\" id=\"el-5c3c5237\" data-vce-do-apply=\"all el-5c3c5237\"><\/div><\/div><div class=\"vce-text-block\"><div class=\"vce-text-block-wrapper vce\" id=\"el-56bcea4c\" data-vce-do-apply=\"all el-56bcea4c\"><\/div><\/div><div class=\"vce-text-block\"><div class=\"vce-text-block-wrapper vce\" id=\"el-e3f637e3\" data-vce-do-apply=\"all el-e3f637e3\"><\/div><\/div><\/div><\/div><\/div><\/div><\/div><\/div>\n","protected":false},"excerpt":{"rendered":"<p>L\u00edder en innovaci\u00f3nFundada en 1993 por el inventor de la tecnolog\u00eda de medios de cultivo cromog\u00e9nicos, el Dr. Alain Rambach. Situado en el coraz\u00f3n de Par\u00eds (Francia) cerca del famoso Institut Pasteur donde el Dr. Rambach comenz\u00f3 su carrera investigadora, CHROMagar\u2122 ofrece soluciones innovadoras de medios de cultivo cromog\u00e9nicos, dise\u00f1adas para mejorar y simplificar las [&hellip;]<\/p>\n","protected":false},"author":2,"featured_media":103,"parent":0,"menu_order":0,"comment_status":"closed","ping_status":"closed","template":"","meta":[],"_links":{"self":[{"href":"https:\/\/www.chromagar.com\/es\/wp-json\/wp\/v2\/pages\/901"}],"collection":[{"href":"https:\/\/www.chromagar.com\/es\/wp-json\/wp\/v2\/pages"}],"about":[{"href":"https:\/\/www.chromagar.com\/es\/wp-json\/wp\/v2\/types\/page"}],"author":[{"embeddable":true,"href":"https:\/\/www.chromagar.com\/es\/wp-json\/wp\/v2\/users\/2"}],"replies":[{"embeddable":true,"href":"https:\/\/www.chromagar.com\/es\/wp-json\/wp\/v2\/comments?post=901"}],"version-history":[{"count":16,"href":"https:\/\/www.chromagar.com\/es\/wp-json\/wp\/v2\/pages\/901\/revisions"}],"predecessor-version":[{"id":17087,"href":"https:\/\/www.chromagar.com\/es\/wp-json\/wp\/v2\/pages\/901\/revisions\/17087"}],"wp:featuredmedia":[{"embeddable":true,"href":"https:\/\/www.chromagar.com\/es\/wp-json\/wp\/v2\/media\/103"}],"wp:attachment":[{"href":"https:\/\/www.chromagar.com\/es\/wp-json\/wp\/v2\/media?parent=901"}],"curies":[{"name":"wp","href":"https:\/\/api.w.org\/{rel}","templated":true}]}}