{"id":882,"date":"2021-09-17T03:57:32","date_gmt":"2021-09-17T03:57:32","guid":{"rendered":"https:\/\/chromagar.agencestudionet.com\/?page_id=882"},"modified":"2021-11-03T10:51:31","modified_gmt":"2021-11-03T10:51:31","slug":"certificado-analisis","status":"publish","type":"page","link":"https:\/\/www.chromagar.com\/es\/certificado-analisis\/","title":{"rendered":"Certificado de An\u00e1lisis"},"content":{"rendered":"<div class=\"certificate-technicle\">\n<h3 style=\"text-align: center;\">Para descargar el certificado de an\u00e1lisis, indique su n\u00famero de lote a continuaci\u00f3n :<\/h3>\n\n\n<div class=\"search_bar\">\n    <form action=\"https:\/\/www.chromagar.com\/es\/wp-json\/wp\/v2\/pages\/882\/\" method=\"get\" autocomplete=\"off\">\n    <div class=\"search-form\">\n        <input type=\"text\" name=\"cer\" placeholder=\"Ingrese un n\u00famero de lote\" value=\"\" id=\"keyword\" class=\"input_search\">\n    <\/div>\n<!--         <button>\n            Search\n        <\/button> -->\n    <\/form>\n    <div class=\"search_result\" id=\"datafetch\">\n        <!-- <ul> -->\n            <!-- <li>Please wait..<\/li> -->\n        <!-- <\/ul> -->\n    <\/div>\n<\/div>\n\n  <div class=\"certificate-list ctrone\">\n <\/div>\n\n<\/div>\n","protected":false},"excerpt":{"rendered":"<p>Para descargar el certificado de an\u00e1lisis, indique su n\u00famero de lote a continuaci\u00f3n :<\/p>\n","protected":false},"author":2,"featured_media":103,"parent":0,"menu_order":0,"comment_status":"closed","ping_status":"closed","template":"","meta":[],"_links":{"self":[{"href":"https:\/\/www.chromagar.com\/es\/wp-json\/wp\/v2\/pages\/882"}],"collection":[{"href":"https:\/\/www.chromagar.com\/es\/wp-json\/wp\/v2\/pages"}],"about":[{"href":"https:\/\/www.chromagar.com\/es\/wp-json\/wp\/v2\/types\/page"}],"author":[{"embeddable":true,"href":"https:\/\/www.chromagar.com\/es\/wp-json\/wp\/v2\/users\/2"}],"replies":[{"embeddable":true,"href":"https:\/\/www.chromagar.com\/es\/wp-json\/wp\/v2\/comments?post=882"}],"version-history":[{"count":4,"href":"https:\/\/www.chromagar.com\/es\/wp-json\/wp\/v2\/pages\/882\/revisions"}],"predecessor-version":[{"id":1106,"href":"https:\/\/www.chromagar.com\/es\/wp-json\/wp\/v2\/pages\/882\/revisions\/1106"}],"wp:featuredmedia":[{"embeddable":true,"href":"https:\/\/www.chromagar.com\/es\/wp-json\/wp\/v2\/media\/103"}],"wp:attachment":[{"href":"https:\/\/www.chromagar.com\/es\/wp-json\/wp\/v2\/media?parent=882"}],"curies":[{"name":"wp","href":"https:\/\/api.w.org\/{rel}","templated":true}]}}