{"id":4079,"date":"2021-12-23T10:46:21","date_gmt":"2021-12-23T10:46:21","guid":{"rendered":"https:\/\/chromagar.agencestudionet.com\/?page_id=4079"},"modified":"2024-02-27T16:20:54","modified_gmt":"2024-02-27T16:20:54","slug":"notas-legales","status":"publish","type":"page","link":"https:\/\/www.chromagar.com\/es\/notas-legales\/","title":{"rendered":"Notas legales"},"content":{"rendered":"<div class=\"vce-row-container\" data-vce-boxed-width=\"true\"><div class=\"vce-row vce-row--col-gap-30 vce-row-equal-height vce-row-content--top\" id=\"el-046280b4\" data-vce-do-apply=\"all el-046280b4\"><div class=\"vce-row-content\" data-vce-element-content=\"true\"><div class=\"vce-col vce-col--md-auto vce-col--xs-1 vce-col--xs-last vce-col--xs-first vce-col--sm-last vce-col--sm-first vce-col--md-last vce-col--lg-last vce-col--xl-last vce-col--md-first vce-col--lg-first vce-col--xl-first\" id=\"el-613eac8b\"><div class=\"vce-col-inner\" data-vce-do-apply=\"border margin background  el-613eac8b\"><div class=\"vce-col-content\" data-vce-element-content=\"true\" data-vce-do-apply=\"padding el-613eac8b\"><div class=\"vce-text-block\"><div class=\"vce-text-block-wrapper vce\" id=\"el-d0956606\" data-vce-do-apply=\"all el-d0956606\"><!--vcv no format--><br><div class=\"vce-row-container\" data-vce-boxed-width=\"true\"><br><div id=\"el-fd1d9139\" class=\"vce-row vce-row--col-gap-30 vce-row-equal-height vce-row-content--top\" data-vce-do-apply=\"all el-fd1d9139\"><br><div class=\"vce-row-content\" data-vce-element-content=\"true\"><br><div id=\"el-a4c8a90f\" class=\"vce-col vce-col--md-auto vce-col--xs-1 vce-col--xs-last vce-col--xs-first vce-col--sm-last vce-col--sm-first vce-col--md-last vce-col--lg-last vce-col--xl-last vce-col--md-first vce-col--lg-first vce-col--xl-first\"><br><div class=\"vce-col-inner\" data-vce-do-apply=\"border margin background el-a4c8a90f\"><br><div class=\"vce-col-content\" data-vce-element-content=\"true\" data-vce-do-apply=\"padding el-a4c8a90f\"><\/div><br><\/div><br><\/div><br><\/div><br><\/div><br><\/div><br><div class=\"vce-row-container\" data-vce-boxed-width=\"true\"><br><div id=\"el-4fd05335\" class=\"vce-row vce-row--col-gap-30 vce-row-equal-height vce-row-content--top\" data-vce-do-apply=\"all el-4fd05335\"><br><div class=\"vce-row-content\" data-vce-element-content=\"true\"><br><div id=\"el-ec9f32fa\" class=\"vce-col vce-col--md-auto vce-col--xs-1 vce-col--xs-last vce-col--xs-first vce-col--sm-last vce-col--sm-first vce-col--md-last vce-col--lg-last vce-col--xl-last vce-col--md-first vce-col--lg-first vce-col--xl-first\"><br><div class=\"vce-col-inner\" data-vce-do-apply=\"border margin background el-ec9f32fa\"><br><div class=\"vce-col-content\" data-vce-element-content=\"true\" data-vce-do-apply=\"padding el-ec9f32fa\"><br><div class=\"vce-text-block\"><br><div id=\"el-d0f36d78\" class=\"vce-text-block-wrapper vce\" data-vce-do-apply=\"all el-d0f36d78\"><br><br><span style=\"font-family: Poppins;\">Raz\u00f3n social: CHROMagar<\/span><br><br><span style=\"font-family: Poppins;\">Representante legal: Alberto LERNER<\/span><br><br><span style=\"font-family: Poppins;\">Sociedad an\u00f3nima simplificada con capital de 165.000 euros<\/span><br><br><span style=\"font-family: Poppins;\">RCS: Par\u00eds 391 293 834<\/span><br><br><span style=\"font-family: Poppins;\">Identificador de IVA CE: FR 27391293834<\/span><br><br><span style=\"font-family: Poppins;\">C\u00f3digo APE\/NAF: 7211Z (Investigaci\u00f3n y desarrollo en biotecnolog\u00eda)<\/span><br><br><span style=\"font-family: Poppins;\">Sede: 29 avenue George Sand, 93210 La Plaine Saint-Denis, Francia<\/span><br><br><span style=\"font-family: Poppins;\">Tel\u00e9fono. + 33 (0) 1 45 48 05 05<\/span><br><br><span style=\"font-family: Poppins;\">Este sitio fue desarrollado por Studionet<\/span><br><span style=\"font-family: Poppins;\">2 ter, rue Georges Charpak - 76130 MONT-SAINT-AIGNAN, FRANCIA<\/span><br><br><span style=\"font-family: Poppins;\">Tel\u00e9fono. +33 (0) 2 78 77 00 05<\/span><br><br><span style=\"font-family: Poppins;\">Este sitio est\u00e1 alojado por OVH SAS.<\/span><br><span style=\"font-family: Poppins;\">2 rue Kellermann - 59100 ROUBAIX, FRANCIA<\/span><br><span style=\"font-family: Poppins;\">Tel\u00e9fono. +33 (0) 820 698 765<\/span><br><br><span style=\"font-family: Poppins;\">Este sitio web est\u00e1 sujeto a la legislaci\u00f3n francesa.<\/span><br><br><\/div><br><\/div><br><\/div><br><\/div><br><\/div><br><\/div><br><\/div><br><\/div><br><!--vcv no format--><\/div><\/div><\/div><\/div><\/div><\/div><\/div><\/div>\n","protected":false},"excerpt":{"rendered":"<p>Raz\u00f3n social: CHROMagarRepresentante legal: Alberto LERNERSociedad an\u00f3nima simplificada con capital de 165.000 eurosRCS: Par\u00eds 391 293 834Identificador de IVA CE: FR 27391293834C\u00f3digo APE\/NAF: 7211Z (Investigaci\u00f3n y desarrollo en biotecnolog\u00eda)Sede: 29 avenue George Sand, 93210 La Plaine Saint-Denis, FranciaTel\u00e9fono. + 33 (0) 1 45 48 05 05Este sitio fue desarrollado por Studionet2 ter, rue Georges Charpak [&hellip;]<\/p>\n","protected":false},"author":2,"featured_media":103,"parent":0,"menu_order":0,"comment_status":"closed","ping_status":"closed","template":"","meta":[],"_links":{"self":[{"href":"https:\/\/www.chromagar.com\/es\/wp-json\/wp\/v2\/pages\/4079"}],"collection":[{"href":"https:\/\/www.chromagar.com\/es\/wp-json\/wp\/v2\/pages"}],"about":[{"href":"https:\/\/www.chromagar.com\/es\/wp-json\/wp\/v2\/types\/page"}],"author":[{"embeddable":true,"href":"https:\/\/www.chromagar.com\/es\/wp-json\/wp\/v2\/users\/2"}],"replies":[{"embeddable":true,"href":"https:\/\/www.chromagar.com\/es\/wp-json\/wp\/v2\/comments?post=4079"}],"version-history":[{"count":6,"href":"https:\/\/www.chromagar.com\/es\/wp-json\/wp\/v2\/pages\/4079\/revisions"}],"predecessor-version":[{"id":10402,"href":"https:\/\/www.chromagar.com\/es\/wp-json\/wp\/v2\/pages\/4079\/revisions\/10402"}],"wp:featuredmedia":[{"embeddable":true,"href":"https:\/\/www.chromagar.com\/es\/wp-json\/wp\/v2\/media\/103"}],"wp:attachment":[{"href":"https:\/\/www.chromagar.com\/es\/wp-json\/wp\/v2\/media?parent=4079"}],"curies":[{"name":"wp","href":"https:\/\/api.w.org\/{rel}","templated":true}]}}