{"id":1094,"date":"2021-11-03T08:05:49","date_gmt":"2021-11-03T08:05:49","guid":{"rendered":"https:\/\/chromagar.agencestudionet.com\/nuestra-sociedad\/alain-rambach\/"},"modified":"2022-03-02T09:30:05","modified_gmt":"2022-03-02T09:30:05","slug":"alain-rambach","status":"publish","type":"page","link":"https:\/\/www.chromagar.com\/es\/nuestra-sociedad\/alain-rambach\/","title":{"rendered":"Dr. Alain Rambach"},"content":{"rendered":"<div class=\"vce-row-container\" data-vce-boxed-width=\"true\"><div class=\"vce-row vce-row--col-gap-30 la-block top-margin vce-row-equal-height vce-row-content--top\" id=\"el-0020c81e\" data-vce-do-apply=\"all el-0020c81e\"><div class=\"vce-content-background-container\"><\/div><div class=\"vce-row-content\" data-vce-element-content=\"true\"><div class=\"vce-col vce-col--xs-100p vce-col--xs-visible vce-col--xs-last vce-col--xs-first vce-col--sm-100p vce-col--sm-visible vce-col--sm-last vce-col--sm-first vce-col--md-100p vce-col--md-visible vce-col--md-last vce-col--md-first vce-col--lg-50p vce-col--lg-visible vce-col--lg-first vce-col--xl-50p vce-col--xl-visible vce-col--xl-first la-innovation\" id=\"el-ed31bdb8\"><div class=\"vce-col-inner\" data-vce-do-apply=\"border margin background  el-ed31bdb8\"><div class=\"vce-content-background-container\"><\/div><div class=\"vce-col-content\" data-vce-element-content=\"true\" data-vce-do-apply=\"padding el-ed31bdb8\"><div class=\"vce-text-block la-text\"><div class=\"vce-text-block-wrapper vce\" id=\"el-55848591\" data-vce-do-apply=\"all el-55848591\"><p style=\"line-height: 1.25;\"><span style=\"font-family: Poppins; font-weight: 500; font-style: normal;\">DE LA INGENIER\u00cdA GEN\u00c9TICA<\/span><\/p><\/div><\/div><div class=\"vce-text-block la-span\"><div class=\"vce-text-block-wrapper vce\" id=\"el-7cd6cc1e\" data-vce-do-apply=\"all el-7cd6cc1e\"><\/div><\/div><div class=\"vce-text-block la-p\"><div class=\"vce-text-block-wrapper vce\" id=\"el-0e257d5f\" data-vce-do-apply=\"all el-0e257d5f\"><p style=\"text-align: justify;\"><span style=\"font-family: inherit;\">Graduado de la \u00c9cole Polytechnique, el Dr. Alain Rambach se incorpor\u00f3 al Institut Pasteur en 1967, donde trabaj\u00f3 con el profesor Fran\u00e7ois Jacob, premio Nobel de fisiolog\u00eda y medicina.&nbsp;<\/span><\/p><br><p style=\"text-align: justify;\"><span style=\"font-family: inherit;\">Defendi\u00f3 su tesis en gen\u00e9tica bacteriana y luego abord\u00f3 el controvertido tema de la manipulaci\u00f3n del ADN como pionero. <\/span><\/p><br><p style=\"text-align: justify;\"><span style=\"font-family: inherit;\">Despu\u00e9s de un posdoctorado en la Universidad de Stanford en California, regres\u00f3 al Institut Pasteur en 1976 para continuar su investigaci\u00f3n en el campo de la ingenier\u00eda gen\u00e9tica.<\/span><\/p><br><p style=\"text-align: justify;\"><span style=\"font-family: inherit;\">En 1978, en un laboratorio cercano al Institut Pasteur, conoci\u00f3 al Dr. Jean Buissi\u00e8re, que se especializa en el diagn\u00f3stico m\u00e9dico de infecciones. Fue el Dr. Buissi\u00e8re quien le ense\u00f1\u00f3 al Dr. Rambach la idea fundamental de que caracterizando el equipo enzim\u00e1tico de una bacteria mediante pruebas en tubos o pozos, es posible deducir la identificaci\u00f3n.<\/span><\/p><\/div><\/div><\/div><\/div><\/div><div class=\"vce-col vce-col--xs-100p vce-col--xs-visible vce-col--xs-last vce-col--xs-first vce-col--sm-100p vce-col--sm-visible vce-col--sm-last vce-col--sm-first vce-col--md-100p vce-col--md-visible vce-col--md-last vce-col--md-first vce-col--lg-50p vce-col--lg-visible vce-col--lg-last vce-col--xl-50p vce-col--xl-visible vce-col--xl-last content-zigzag\" id=\"el-3315b951\"><div class=\"vce-col-inner\" data-vce-do-apply=\"border margin background  el-3315b951\"><div class=\"vce-content-background-container\"><\/div><div class=\"vce-col-content\" data-vce-element-content=\"true\" data-vce-do-apply=\"padding el-3315b951\"><div class=\"vce-single-image-container zigzag-image vce-single-image--align-left\"><div class=\"vce vce-single-image-wrapper\" id=\"el-2244e801\" data-vce-do-apply=\"all el-2244e801\"><figure><div class=\"vce-single-image-inner vce-single-image--absolute\" style=\"padding-bottom: 67.48046875%; width: 1024px;\"><img decoding=\"async\" loading=\"lazy\" class=\"vce-single-image vcv-lozad\" data-src=\"https:\/\/www.chromagar.com\/wp-content\/uploads\/2021\/12\/unnamed-4-scaled.jpg\" width=\"1024\" height=\"691\" src=\"\" data-img-src=\"https:\/\/www.chromagar.com\/wp-content\/uploads\/2021\/12\/unnamed-4-scaled.jpg\" alt=\"DR Alain Rambach\" title=\"DR Alain Rambach\" \/><noscript>\n        &lt;img class=\"vce-single-image\" src=\"https:\/\/www.chromagar.com\/wp-content\/uploads\/2021\/12\/unnamed-4-scaled.jpg\" width=\"1024\" height=\"691\" alt=\"DR Alain Rambach\" title=\"DR Alain Rambach\" \/&gt;\n      <\/noscript><\/div><figcaption hidden=\"\"><\/figcaption><\/figure><\/div><\/div><\/div><\/div><\/div><\/div><\/div><\/div><div class=\"vce-row-container\" data-vce-boxed-width=\"true\"><div class=\"vce-row vce-row--xl--has-col-background vce-row--lg--has-col-background vce-row--col-gap-30 la-wrap vce-row-equal-height vce-row-content--top\" id=\"el-a36991da\" data-vce-do-apply=\"all el-a36991da\"><div class=\"vce-content-background-container\"><\/div><div class=\"vce-row-content\" data-vce-element-content=\"true\"><div class=\"vce-col vce-element--xl--has-background vce-element--lg--has-background vce-col--xs-100p vce-col--xs-visible vce-col--xs-last vce-col--xs-first vce-col--sm-100p vce-col--sm-visible vce-col--sm-last vce-col--sm-first vce-col--md-100p vce-col--md-visible vce-col--md-last vce-col--md-first vce-col--lg-50p vce-col--lg-visible vce-col--lg-first vce-col--xl-50p vce-col--xl-visible vce-col--xl-first la-content\" id=\"el-1bc93306\"><div class=\"vce-col-inner\" data-vce-do-apply=\"border margin background  el-1bc93306\"><div class=\"vce-content-background-container\"><\/div><div class=\"vce-col-content\" data-vce-element-content=\"true\" data-vce-do-apply=\"padding el-1bc93306\"><div class=\"vce-text-block la-text\"><div class=\"vce-text-block-wrapper vce\" id=\"el-5917a4f4\" data-vce-do-apply=\"all el-5917a4f4\"><p style=\"line-height: 1.25;\"><span style=\"font-family: Poppins; font-weight: 500; font-style: normal;\"><strong>AL NACIMIENTO DE LOS MEDIOS CROMOG\u00c9NICOS<\/strong><\/span><\/p><\/div><\/div><div class=\"vce-text-block la-p\"><div class=\"vce-text-block-wrapper vce\" id=\"el-199c4822\" data-vce-do-apply=\"all el-199c4822\"><p style=\"text-align: justify;\"><span style=\"font-family: inherit;\">Para usar este principio, pero un d\u00eda antes, desde la etapa de aislamiento en una placa de Petri, el Dr. Alain Rambach invent\u00f3 y patent\u00f3 en 1979 un medio de cultivo para diferenciar la bacteria <em>Escherichia coli<\/em> mediante la tinci\u00f3n de colonias, mediante la incorporaci\u00f3n de un sustrato cromog\u00e9nico espec\u00edfico en el medio de agar.<\/span><\/p>\n<p style=\"text-align: justify;\">&nbsp;<\/p>\n<p style=\"text-align: justify;\"><span style=\"font-family: inherit;\">Posteriormente, en 1989, comercializ\u00f3 con \u00e9xito el primer medio de cultivo cromog\u00e9nico aceptado por el mercado, Rambach\u2122 Agar for <em>Salmonella<\/em>.<\/span><\/p>\n<p style=\"text-align: justify;\">&nbsp;<\/p>\n<p style=\"text-align: justify;\"><span style=\"font-family: inherit;\">En 1993, fund\u00f3 la empresa CHROMagar\u2122 para seguir desarrollando nuevos medios de cultivo cromog\u00e9nicos para detectar diversos microorganismos e innovar en el campo del diagn\u00f3stico bacteriano.<\/span><\/p>\n<p style=\"text-align: justify;\">&nbsp;<\/p>\n<p style=\"text-align: justify;\"><span style=\"font-family: inherit;\">En 1994, desarroll\u00f3 el primer medio bicromog\u00e9nico CHROMagar\u2122: al combinar dos crom\u00f3genos, obtuvo una variedad de coloraciones de colonias y el medio puede diferenciar toda una serie de microorganismos en una sola placa de Petri. <\/span><\/p>\n<p style=\"text-align: justify;\"><span style=\"font-family: inherit;\">Siguiendo el mismo principio, el medio CHROMagar\u2122 Candida se crea para identificar diferentes especies de levadura.<\/span><\/p><\/div><\/div><\/div><\/div><\/div><div class=\"vce-col vce-col--xs-100p vce-col--xs-visible vce-col--xs-last vce-col--xs-first vce-col--sm-100p vce-col--sm-visible vce-col--sm-last vce-col--sm-first vce-col--md-100p vce-col--md-visible vce-col--md-last vce-col--md-first vce-col--lg-50p vce-col--lg-visible vce-col--lg-last vce-col--xl-50p vce-col--xl-visible vce-col--xl-last content-zigzag\" id=\"el-08cc6271\"><div class=\"vce-col-inner\" data-vce-do-apply=\"border margin background  el-08cc6271\"><div class=\"vce-content-background-container\"><\/div><div class=\"vce-col-content\" data-vce-element-content=\"true\" data-vce-do-apply=\"padding el-08cc6271\"><div class=\"vce-single-image-container zigzag-image vce-single-image--align-center\"><div class=\"vce vce-single-image-wrapper\" id=\"el-c3400b22\" data-vce-do-apply=\"all el-c3400b22\"><figure><div class=\"vce-single-image-inner vce-single-image--absolute\" style=\"padding-bottom: 68.06640625%; width: 1024px;\"><img decoding=\"async\" loading=\"lazy\" class=\"vce-single-image vcv-lozad\" data-src=\"https:\/\/www.chromagar.com\/wp-content\/uploads\/2021\/12\/unnamed-5-scaled.jpg\" width=\"1024\" height=\"697\" src=\"\" data-img-src=\"https:\/\/www.chromagar.com\/wp-content\/uploads\/2021\/12\/unnamed-5-scaled.jpg\" alt=\"DR Alain Rambach\" title=\"DR Alain Rambach\" \/><noscript>\n        &lt;img class=\"vce-single-image\" src=\"https:\/\/www.chromagar.com\/wp-content\/uploads\/2021\/12\/unnamed-5-scaled.jpg\" width=\"1024\" height=\"697\" alt=\"DR Alain Rambach\" title=\"DR Alain Rambach\" \/&gt;\n      <\/noscript><\/div><figcaption hidden=\"\"><\/figcaption><\/figure><\/div><\/div><\/div><\/div><\/div><\/div><\/div><\/div><div class=\"vce-row-container\" data-vce-boxed-width=\"true\"><div class=\"vce-row vce-row--col-gap-30 la-block top-margin vce-row-equal-height vce-row-content--top\" id=\"el-dc360187\" data-vce-do-apply=\"all el-dc360187\"><div class=\"vce-content-background-container\"><\/div><div class=\"vce-row-content\" data-vce-element-content=\"true\"><div class=\"vce-col vce-col--xs-100p vce-col--xs-visible vce-col--xs-last vce-col--xs-first vce-col--sm-100p vce-col--sm-visible vce-col--sm-last vce-col--sm-first vce-col--md-100p vce-col--md-visible vce-col--md-last vce-col--md-first vce-col--lg-50p vce-col--lg-visible vce-col--lg-first vce-col--xl-50p vce-col--xl-visible vce-col--xl-first la-innovation\" id=\"el-3ea15fa0\"><div class=\"vce-col-inner\" data-vce-do-apply=\"border margin background  el-3ea15fa0\"><div class=\"vce-content-background-container\"><\/div><div class=\"vce-col-content\" data-vce-element-content=\"true\" data-vce-do-apply=\"padding el-3ea15fa0\"><div class=\"vce-text-block la-text\"><div class=\"vce-text-block-wrapper vce\" id=\"el-4b9d0c9a\" data-vce-do-apply=\"all el-4b9d0c9a\"><p style=\"line-height: 1.25;\"><span style=\"font-family: Poppins; font-weight: 500; font-style: normal;\">UN COMPROMISO CONTINUO<\/span><\/p><\/div><\/div><div class=\"vce-text-block la-span\"><div class=\"vce-text-block-wrapper vce\" id=\"el-d2360b0a\" data-vce-do-apply=\"all el-d2360b0a\"><\/div><\/div><div class=\"vce-text-block la-p\"><div class=\"vce-text-block-wrapper vce\" id=\"el-63fc9a8b\" data-vce-do-apply=\"all el-63fc9a8b\"><p style=\"text-align: justify;\"><span style=\"font-family: inherit;\">Hasta 2015, el Dr. Alain Rambach seguir\u00e1 desempe\u00f1ando un papel en la gesti\u00f3n, la investigaci\u00f3n y el desarrollo de los productos CHROMagar\u2122.<\/span><\/p><br><p style=\"text-align: justify;\"><span style=\"font-family: inherit;\">Basado en su ense\u00f1anza, CHROMagar\u2122 todav\u00eda reclama hoy un compromiso continuo con la innovaci\u00f3n y la calidad.<\/span><\/p><br><p style=\"text-align: justify;\"><span style=\"font-family: inherit;\">La misi\u00f3n de CHROMagar\u2122 permanece sin cambios: desarrollar soluciones de detecci\u00f3n e identificaci\u00f3n r\u00e1pidas y eficientes para enfrentar los principales desaf\u00edos del control de infecciones microbianas.<\/span><\/p><\/div><\/div><\/div><\/div><\/div><div class=\"vce-col vce-col--xs-100p vce-col--xs-visible vce-col--xs-last vce-col--xs-first vce-col--sm-100p vce-col--sm-visible vce-col--sm-last vce-col--sm-first vce-col--md-100p vce-col--md-visible vce-col--md-last vce-col--md-first vce-col--lg-50p vce-col--lg-visible vce-col--lg-last vce-col--xl-50p vce-col--xl-visible vce-col--xl-last content-zigzag\" id=\"el-cf2556e4\"><div class=\"vce-col-inner\" data-vce-do-apply=\"border margin background  el-cf2556e4\"><div class=\"vce-content-background-container\"><\/div><div class=\"vce-col-content\" data-vce-element-content=\"true\" data-vce-do-apply=\"padding el-cf2556e4\"><div class=\"vce-single-image-container zigzag-image vce-single-image--align-left\"><div class=\"vce vce-single-image-wrapper\" id=\"el-21897cc8\" data-vce-do-apply=\"all el-21897cc8\"><figure><div class=\"vce-single-image-inner vce-single-image--absolute\" style=\"padding-bottom: 64.453125%; width: 1024px;\"><img decoding=\"async\" loading=\"lazy\" class=\"vce-single-image vcv-lozad\" data-src=\"https:\/\/www.chromagar.com\/wp-content\/uploads\/2021\/12\/unnamed-7-scaled.jpg\" width=\"1024\" height=\"660\" src=\"\" data-img-src=\"https:\/\/www.chromagar.com\/wp-content\/uploads\/2021\/12\/unnamed-7-scaled.jpg\" alt=\"DR Alain Rambach\" title=\"DR Alain Rambach\" \/><noscript>\n        &lt;img class=\"vce-single-image\" src=\"https:\/\/www.chromagar.com\/wp-content\/uploads\/2021\/12\/unnamed-7-scaled.jpg\" width=\"1024\" height=\"660\" alt=\"DR Alain Rambach\" title=\"DR Alain Rambach\" \/&gt;\n      <\/noscript><\/div><figcaption hidden=\"\"><\/figcaption><\/figure><\/div><\/div><\/div><\/div><\/div><\/div><\/div><\/div>\n","protected":false},"excerpt":{"rendered":"<p>DE LA INGENIER\u00cdA GEN\u00c9TICAGraduado de la \u00c9cole Polytechnique, el Dr. Alain Rambach se incorpor\u00f3 al Institut Pasteur en 1967, donde trabaj\u00f3 con el profesor Fran\u00e7ois Jacob, premio Nobel de fisiolog\u00eda y medicina.&nbsp;Defendi\u00f3 su tesis en gen\u00e9tica bacteriana y luego abord\u00f3 el controvertido tema de la manipulaci\u00f3n del ADN como pionero. Despu\u00e9s de un posdoctorado en [&hellip;]<\/p>\n","protected":false},"author":3,"featured_media":103,"parent":901,"menu_order":0,"comment_status":"closed","ping_status":"closed","template":"","meta":[],"_links":{"self":[{"href":"https:\/\/www.chromagar.com\/es\/wp-json\/wp\/v2\/pages\/1094"}],"collection":[{"href":"https:\/\/www.chromagar.com\/es\/wp-json\/wp\/v2\/pages"}],"about":[{"href":"https:\/\/www.chromagar.com\/es\/wp-json\/wp\/v2\/types\/page"}],"author":[{"embeddable":true,"href":"https:\/\/www.chromagar.com\/es\/wp-json\/wp\/v2\/users\/3"}],"replies":[{"embeddable":true,"href":"https:\/\/www.chromagar.com\/es\/wp-json\/wp\/v2\/comments?post=1094"}],"version-history":[{"count":5,"href":"https:\/\/www.chromagar.com\/es\/wp-json\/wp\/v2\/pages\/1094\/revisions"}],"predecessor-version":[{"id":4876,"href":"https:\/\/www.chromagar.com\/es\/wp-json\/wp\/v2\/pages\/1094\/revisions\/4876"}],"up":[{"embeddable":true,"href":"https:\/\/www.chromagar.com\/es\/wp-json\/wp\/v2\/pages\/901"}],"wp:featuredmedia":[{"embeddable":true,"href":"https:\/\/www.chromagar.com\/es\/wp-json\/wp\/v2\/media\/103"}],"wp:attachment":[{"href":"https:\/\/www.chromagar.com\/es\/wp-json\/wp\/v2\/media?parent=1094"}],"curies":[{"name":"wp","href":"https:\/\/api.w.org\/{rel}","templated":true}]}}